{"id":9350,"date":"2025-02-13T13:06:01","date_gmt":"2025-02-13T12:06:01","guid":{"rendered":"https:\/\/www.eccoholiday.com\/p?page_id=9350"},"modified":"2026-04-27T10:04:38","modified_gmt":"2026-04-27T08:04:38","slug":"majowka-2025","status":"publish","type":"page","link":"https:\/\/www.eccoholiday.com\/p\/majowka-2026-z-ecco-holiday","title":{"rendered":"Maj\u00f3wka 2026 z Ecco Holiday!"},"content":{"rendered":"\r\n\r\n\r\n\r\n\r\n\r\n\r\n\r\n\r\n\r\n\r\n\r\n\r\n\r\n\r\n\r\n\r\n\r\n\r\n\r\n\r\n\r\n\r\n\r\n\r\n\r\n\r\n\r\n\r\n\r\n\r\n\r\n\r\n\r\n\r\n\r\n\r\n\r\n\r\n\r\n\r\n\r\n\r\n\r\n\r\n\r\n\r\n\r\n\r\n\r\n\r\n\r\n\r\n<link href=\"https:\/\/www.eccoholiday.com\/fm\/pliki\/aos\/aos.css\" rel=\"stylesheet\">\r\n<link rel=\"stylesheet\" href=\"https:\/\/www.eccoholiday.com\/fm\/pliki\/web_img\/kierunki-box-webp.css?ts=1777715911\">\r\n<link rel=\"stylesheet\" href=\"https:\/\/www.eccoholiday.com\/fm\/pliki\/lp-majowka-2026\/style.min.css?ts=1777715911\">\r\n\r\n\r\n\r\n<meta name=\"theme-color\" content=\"#00CBFF\">\r\n\r\n<meta name=\"msapplication-navbutton-color\" content=\"#00CBFF\">\r\n\r\n<meta name=\"apple-mobile-web-app-status-bar-style\" content=\"#00CBFF\">\r\n\r\n\r\n<div class=\"lp-top container-fluid\" brand=\"EH\" data-aos=\"fade-in\">\r\n  <div class=\"lp-top__content container-fluid\">\r\n      <img decoding=\"async\" class=\"walizki\" src=\"https:\/\/www.eccoholiday.com\/fm\/pliki\/lp-majowka-2026\/img\/walizki-majowka-2026-big.webp\" alt=\"Maj\u00f3wka 2026\" data-aos=\"zoom-in\" data-aos-delay=\"300\">\r\n      <div class=\"lp-title\" data-aos=\"zoom-in\" data-aos-delay=\"600\"><h1>Maj\u00f3wka 2026<\/h1><h2>Najlepsze propozycje na&nbsp;wyjazd!<\/h2><\/div>\r\n      <div class=\"lp-txt\" data-aos=\"zoom-in\" data-aos-delay=\"900\">\r\n          <p>Wiosna to doskona\u0142a okazja by wygrza\u0107 si\u0119 w&nbsp;promieniach s\u0142o\u0144ca, zrelaksowa\u0107 na pla\u017cy lub odkrywa\u0107 fascynuj\u0105ce miasta.  <\/p>\r\n          <p><strong>Pomo\u017cemy Ci zaplanowa\u0107 Twoj\u0105 Maj\u00f3wk\u0119&nbsp;2026.<\/strong><\/p>\r\n          <p>W&nbsp;naszej ofercie znajdziesz bia\u0142e pla\u017ce na&nbsp;Sardynii, Wyspy Kanaryjskie, gor\u0105cy Egipt i&nbsp;Turcj\u0119, wysp\u0119 wiecznej wiosny, Malt\u0119 i&nbsp;nie tylko!<\/p>\r\n      <\/div> \r\n  <\/div>\r\n<\/div>\r\n    \r\n  \r\n  <div class=\"section-header container-fluid text-center\"  data-aos=\"fade-in\" data-aos-duration=\"2000\" data-aos-delay=\"100\">\r\n    <h1><strong>Zobacz, co&nbsp;przygotowali\u015bmy!<\/strong><\/h1>\r\n    <hr>\r\n  <\/div>\r\n   \r\n\r\n\r\n<div class=\"lp-isotope container-fluid\" data-aos=\"fade-in\" data-aos-duration=\"2000\" data-aos-delay=\"100\">\r\n\r\n\r\n        \r\n        <div class=\"container sorters sticky-bar\">\r\n          <span class=\"sorters__txt\">Kolejno\u015b\u0107 ofert:<\/span>\r\n          \r\n          <div class=\"button-group\">\r\n              \r\n              <button class=\"button is-checked\" data-sort-by=\"price\" data-sort-direction=\"asc\" type=\"button\">cena <i\r\n                      class=\"fas fa-chevron-down\"><\/i><\/button>\r\n              <button class=\"button\" data-sort-by=\"destination\" data-sort-direction=\"asc\" type=\"button\">nazwa kierunku\r\n                  <i class=\"fas fa-chevron-down\"><\/i><\/button>\r\n          <\/div>\r\n      <\/div>\r\n\r\n\r\n\r\n\r\n\r\n<div class=\"isotope-grid container\">\r\n  \r\n    <a href=\"\" id=\"p2-01\" class=\"element-item  transport- offer-not-exists\" target=\"_blank\" rel=\"noopener\">\r\n        <div class=\"transport\"><\/div>\r\n        <div class=\"country\"><\/div>\r\n        <div class=\"destination\"><\/div>\r\n        <div class=\"price\"><\/div>\r\n    <\/a>\r\n  \r\n    <a href=\"\/l,Bu\u0142garia,,2026-04-25,2026-05-08,,,,,,,,,,,hotel\" id=\"p2-02\" class=\"element-item bulgaria-zlotepiaski-1 transport-plane offer-exists\" target=\"_blank\" rel=\"noopener\">\r\n        <div class=\"transport\"><\/div>\r\n        <div class=\"country\"><\/div>\r\n        <div class=\"destination\">Bu\u0142garia<\/div>\r\n        <div class=\"price\">611<\/div>\r\n    <\/a>\r\n  \r\n    <a href=\"\/l,Chorwacja,,2026-04-25,2026-05-08,,,,,,,wlasny,,,,hotel\" id=\"p2-03\" class=\"element-item chorwacja-4 transport-car offer-exists\" target=\"_blank\" rel=\"noopener\">\r\n        <div class=\"transport\"><\/div>\r\n        <div class=\"country\"><\/div>\r\n        <div class=\"destination\">Chorwacja<\/div>\r\n        <div class=\"price\">239<\/div>\r\n    <\/a>\r\n  \r\n    <a href=\"\" id=\"p2-04\" class=\"element-item  transport- offer-not-exists\" target=\"_blank\" rel=\"noopener\">\r\n        <div class=\"transport\"><\/div>\r\n        <div class=\"country\"><\/div>\r\n        <div class=\"destination\"><\/div>\r\n        <div class=\"price\"><\/div>\r\n    <\/a>\r\n  \r\n    <a href=\"\/l,Cypr,,2026-04-25,2026-05-08,,,,,,,,,,,hotel\" id=\"p2-05\" class=\"element-item cypr-3 transport-plane offer-exists\" target=\"_blank\" rel=\"noopener\">\r\n        <div class=\"transport\"><\/div>\r\n        <div class=\"country\"><\/div>\r\n        <div class=\"destination\">Cypr<\/div>\r\n        <div class=\"price\">1074<\/div>\r\n    <\/a>\r\n  \r\n    <a href=\"\" id=\"p2-06\" class=\"element-item  transport- offer-not-exists\" target=\"_blank\" rel=\"noopener\">\r\n        <div class=\"transport\"><\/div>\r\n        <div class=\"country\"><\/div>\r\n        <div class=\"destination\"><\/div>\r\n        <div class=\"price\"><\/div>\r\n    <\/a>\r\n  \r\n    <a href=\"\" id=\"p2-07\" class=\"element-item  transport- offer-not-exists\" target=\"_blank\" rel=\"noopener\">\r\n        <div class=\"transport\"><\/div>\r\n        <div class=\"country\"><\/div>\r\n        <div class=\"destination\"><\/div>\r\n        <div class=\"price\"><\/div>\r\n    <\/a>\r\n  \r\n    <a href=\"\" id=\"p2-08\" class=\"element-item  transport- offer-not-exists\" target=\"_blank\" rel=\"noopener\">\r\n        <div class=\"transport\"><\/div>\r\n        <div class=\"country\"><\/div>\r\n        <div class=\"destination\"><\/div>\r\n        <div class=\"price\"><\/div>\r\n    <\/a>\r\n  \r\n    <a href=\"\/l,Egipt,,2026-04-25,2026-05-08,,,,,,,,,,,hotel\" id=\"p2-09\" class=\"element-item egipt-2 transport-plane offer-exists\" target=\"_blank\" rel=\"noopener\">\r\n        <div class=\"transport\"><\/div>\r\n        <div class=\"country\"><\/div>\r\n        <div class=\"destination\">Egipt<\/div>\r\n        <div class=\"price\">2549<\/div>\r\n    <\/a>\r\n  \r\n    <a href=\"\/l,Francja,,2026-04-25,2026-05-08,,,,,,,,,,,hotel\" id=\"p2-10\" class=\"element-item francja-paryz-1 transport-plane offer-exists\" target=\"_blank\" rel=\"noopener\">\r\n        <div class=\"transport\"><\/div>\r\n        <div class=\"country\">Francja<\/div>\r\n        <div class=\"destination\">Pary\u017c (Zwiedzanie)<\/div>\r\n        <div class=\"price\">1180<\/div>\r\n    <\/a>\r\n  \r\n    <a href=\"\/l,Grecja:Ateny,,2026-04-25,2026-05-08,,,,,,,,,,,hotel\" id=\"p2-11\" class=\"element-item grecja-ateny-6 transport-plane offer-exists\" target=\"_blank\" rel=\"noopener\">\r\n        <div class=\"transport\"><\/div>\r\n        <div class=\"country\">Grecja<\/div>\r\n        <div class=\"destination\">Ateny<\/div>\r\n        <div class=\"price\">1141<\/div>\r\n    <\/a>\r\n  \r\n    <a href=\"\/l,Grecja:Chalkidiki,,2026-04-25,2026-05-08,,,,,,,,,,,hotel\" id=\"p2-12\" class=\"element-item grecja-chalkidiki-3 transport-plane offer-exists\" target=\"_blank\" rel=\"noopener\">\r\n        <div class=\"transport\"><\/div>\r\n        <div class=\"country\">Grecja<\/div>\r\n        <div class=\"destination\">Chalkidiki<\/div>\r\n        <div class=\"price\">2611<\/div>\r\n    <\/a>\r\n  \r\n    <a href=\"\" id=\"p2-13\" class=\"element-item  transport- offer-not-exists\" target=\"_blank\" rel=\"noopener\">\r\n        <div class=\"transport\"><\/div>\r\n        <div class=\"country\"><\/div>\r\n        <div class=\"destination\"><\/div>\r\n        <div class=\"price\"><\/div>\r\n    <\/a>\r\n  \r\n    <a href=\"\/l,Grecja:Korfu,,2026-04-25,2026-05-08,,,,,,,,,,,hotel\" id=\"p2-14\" class=\"element-item grecja-korfu-1 transport-plane offer-exists\" target=\"_blank\" rel=\"noopener\">\r\n        <div class=\"transport\"><\/div>\r\n        <div class=\"country\">Grecja<\/div>\r\n        <div class=\"destination\">Korfu<\/div>\r\n        <div class=\"price\">1014<\/div>\r\n    <\/a>\r\n  \r\n    <a href=\"\" id=\"p2-15\" class=\"element-item  transport- offer-not-exists\" target=\"_blank\" rel=\"noopener\">\r\n        <div class=\"transport\"><\/div>\r\n        <div class=\"country\"><\/div>\r\n        <div class=\"destination\"><\/div>\r\n        <div class=\"price\"><\/div>\r\n    <\/a>\r\n  \r\n    <a href=\"\/l,Grecja:Kreta+Wschodnia;Grecja:Kreta+Zachodnia,,2026-04-25,2026-05-08,,,,,,,,,,,hotel\" id=\"p2-16\" class=\"element-item grecja-kreta-1 transport-plane offer-exists\" target=\"_blank\" rel=\"noopener\">\r\n        <div class=\"transport\"><\/div>\r\n        <div class=\"country\">Grecja<\/div>\r\n        <div class=\"destination\">Kreta<\/div>\r\n        <div class=\"price\">1182<\/div>\r\n    <\/a>\r\n  \r\n    <a href=\"\/l,Grecja:Mykonos,,2026-04-25,2026-05-08,,,,,,,,,,,hotel\" id=\"p2-17\" class=\"element-item grecja-mykonos-1 transport-plane offer-exists\" target=\"_blank\" rel=\"noopener\">\r\n        <div class=\"transport\"><\/div>\r\n        <div class=\"country\">Grecja<\/div>\r\n        <div class=\"destination\">Mykonos<\/div>\r\n        <div class=\"price\">3437<\/div>\r\n    <\/a>\r\n  \r\n    <a href=\"\/l,Grecja:Rodos,,2026-04-25,2026-05-08,,,,,,,,,,,hotel\" id=\"p2-18\" class=\"element-item grecja-rodos-4 transport-plane offer-exists\" target=\"_blank\" rel=\"noopener\">\r\n        <div class=\"transport\"><\/div>\r\n        <div class=\"country\">Grecja<\/div>\r\n        <div class=\"destination\">Rodos<\/div>\r\n        <div class=\"price\">978<\/div>\r\n    <\/a>\r\n  \r\n    <a href=\"\" id=\"p2-19\" class=\"element-item  transport- offer-not-exists\" target=\"_blank\" rel=\"noopener\">\r\n        <div class=\"transport\"><\/div>\r\n        <div class=\"country\"><\/div>\r\n        <div class=\"destination\"><\/div>\r\n        <div class=\"price\"><\/div>\r\n    <\/a>\r\n  \r\n    <a href=\"\/l,Grecja:Zakynthos,,2026-04-25,2026-05-08,,,,,,,,,,,hotel\" id=\"p2-20\" class=\"element-item grecja-zakynthos-2 transport-plane offer-exists\" target=\"_blank\" rel=\"noopener\">\r\n        <div class=\"transport\"><\/div>\r\n        <div class=\"country\">Grecja<\/div>\r\n        <div class=\"destination\">Zakynthos<\/div>\r\n        <div class=\"price\">1797<\/div>\r\n    <\/a>\r\n  \r\n    <a href=\"\/l,Hiszpania:Barcelona,,2026-04-25,2026-05-08,,,,,,,,,,,hotel\" id=\"p2-21\" class=\"element-item hiszpania-barcelona-5 transport-plane offer-exists\" target=\"_blank\" rel=\"noopener\">\r\n        <div class=\"transport\"><\/div>\r\n        <div class=\"country\">Hiszpania<\/div>\r\n        <div class=\"destination\">Barcelona<\/div>\r\n        <div class=\"price\">1726<\/div>\r\n    <\/a>\r\n  \r\n    <a href=\"\/l,Hiszpania:Costa+Azahar,,2026-04-25,2026-05-08,,,,,,,,,,,hotel\" id=\"p2-22\" class=\"element-item hiszpania-walencja-1 transport-plane offer-exists\" target=\"_blank\" rel=\"noopener\">\r\n        <div class=\"transport\"><\/div>\r\n        <div class=\"country\">Hiszpania<\/div>\r\n        <div class=\"destination\">Walencja<\/div>\r\n        <div class=\"price\">2431<\/div>\r\n    <\/a>\r\n  \r\n    <a href=\"\" id=\"p2-23\" class=\"element-item  transport- offer-not-exists\" target=\"_blank\" rel=\"noopener\">\r\n        <div class=\"transport\"><\/div>\r\n        <div class=\"country\"><\/div>\r\n        <div class=\"destination\"><\/div>\r\n        <div class=\"price\"><\/div>\r\n    <\/a>\r\n  \r\n    <a href=\"\/l,Hiszpania:Costa+Brava,,2026-04-25,2026-05-08,,,,,,,,,,,hotel\" id=\"p2-24\" class=\"element-item hiszpania-costabrava-1 transport-plane offer-exists\" target=\"_blank\" rel=\"noopener\">\r\n        <div class=\"transport\"><\/div>\r\n        <div class=\"country\">Hiszpania<\/div>\r\n        <div class=\"destination\">Costa Brava<\/div>\r\n        <div class=\"price\">1150<\/div>\r\n    <\/a>\r\n  \r\n    <a href=\"\/l,Hiszpania:Costa+Del+Sol,,2026-04-25,2026-05-08,,,,,,,,,,,hotel\" id=\"p2-25\" class=\"element-item hiszpania-costadelsol-4 transport-plane offer-exists\" target=\"_blank\" rel=\"noopener\">\r\n        <div class=\"transport\"><\/div>\r\n        <div class=\"country\">Hiszpania<\/div>\r\n        <div class=\"destination\">Costa del Sol<\/div>\r\n        <div class=\"price\">1188<\/div>\r\n    <\/a>\r\n  \r\n    <a href=\"\/l,Hiszpania:Fuerteventura,,2026-04-25,2026-05-08,,,,,,,,,,,hotel\" id=\"p2-26\" class=\"element-item hiszpania-fuerteventura-1 transport-plane offer-exists\" target=\"_blank\" rel=\"noopener\">\r\n        <div class=\"transport\"><\/div>\r\n        <div class=\"country\">Hiszpania<\/div>\r\n        <div class=\"destination\">Fuerteventura<\/div>\r\n        <div class=\"price\">2110<\/div>\r\n    <\/a>\r\n  \r\n    <a href=\"\/l,Hiszpania:Gran+Canaria,,2026-04-25,2026-05-08,,,,,,,,,,,hotel\" id=\"p2-27\" class=\"element-item hiszpania-grancanaria-2 transport-plane offer-exists\" target=\"_blank\" rel=\"noopener\">\r\n        <div class=\"transport\"><\/div>\r\n        <div class=\"country\">Hiszpania<\/div>\r\n        <div class=\"destination\">Gran Canaria<\/div>\r\n        <div class=\"price\">2520<\/div>\r\n    <\/a>\r\n  \r\n    <a href=\"\/l,Hiszpania:Madryt,,2026-04-25,2026-05-08,,,,,,,,,,,hotel\" id=\"p2-28\" class=\"element-item hiszpania-madryt-1 transport-plane offer-exists\" target=\"_blank\" rel=\"noopener\">\r\n        <div class=\"transport\"><\/div>\r\n        <div class=\"country\">Hiszpania<\/div>\r\n        <div class=\"destination\">Madryt<\/div>\r\n        <div class=\"price\">1292<\/div>\r\n    <\/a>\r\n  \r\n    <a href=\"\/l,Hiszpania:Majorka,,2026-04-25,2026-05-08,,,,,,,,,,,hotel\" id=\"p2-29\" class=\"element-item hiszpania-majorka-1 transport-plane offer-exists\" target=\"_blank\" rel=\"noopener\">\r\n        <div class=\"transport\"><\/div>\r\n        <div class=\"country\">Hiszpania<\/div>\r\n        <div class=\"destination\">Majorka<\/div>\r\n        <div class=\"price\">932<\/div>\r\n    <\/a>\r\n  \r\n    <a href=\"\/l,Hiszpania:Teneryfa,,2026-04-25,2026-05-08,,,,,,,,,,,hotel\" id=\"p2-30\" class=\"element-item hiszpania-teneryfa-7 transport-plane offer-exists\" target=\"_blank\" rel=\"noopener\">\r\n        <div class=\"transport\"><\/div>\r\n        <div class=\"country\">Hiszpania<\/div>\r\n        <div class=\"destination\">Teneryfa<\/div>\r\n        <div class=\"price\">1742<\/div>\r\n    <\/a>\r\n  \r\n    <a href=\"\" id=\"p2-31\" class=\"element-item  transport- offer-not-exists\" target=\"_blank\" rel=\"noopener\">\r\n        <div class=\"transport\"><\/div>\r\n        <div class=\"country\"><\/div>\r\n        <div class=\"destination\"><\/div>\r\n        <div class=\"price\"><\/div>\r\n    <\/a>\r\n  \r\n    <a href=\"\" id=\"p2-32\" class=\"element-item  transport- offer-not-exists\" target=\"_blank\" rel=\"noopener\">\r\n        <div class=\"transport\"><\/div>\r\n        <div class=\"country\"><\/div>\r\n        <div class=\"destination\"><\/div>\r\n        <div class=\"price\"><\/div>\r\n    <\/a>\r\n  \r\n    <a href=\"\/l,Malta,,2026-04-25,2026-05-08,,,,,,,,,,,hotel\" id=\"p2-33\" class=\"element-item malta-5 transport-plane offer-exists\" target=\"_blank\" rel=\"noopener\">\r\n        <div class=\"transport\"><\/div>\r\n        <div class=\"country\"><\/div>\r\n        <div class=\"destination\">Malta<\/div>\r\n        <div class=\"price\">1105<\/div>\r\n    <\/a>\r\n  \r\n    <a href=\"\/l,Maroko,,2026-04-25,2026-05-08,,,,,,,,,,,hotel\" id=\"p2-34\" class=\"element-item maroko-1 transport-plane offer-exists\" target=\"_blank\" rel=\"noopener\">\r\n        <div class=\"transport\"><\/div>\r\n        <div class=\"country\"><\/div>\r\n        <div class=\"destination\">Maroko<\/div>\r\n        <div class=\"price\">1400<\/div>\r\n    <\/a>\r\n  \r\n    <a href=\"\/l,Polska,,2026-04-25,2026-05-08,,,,,,,wlasny,,,,hotel\" id=\"p2-35\" class=\"element-item polska-3 transport-car offer-exists\" target=\"_blank\" rel=\"noopener\">\r\n        <div class=\"transport\"><\/div>\r\n        <div class=\"country\"><\/div>\r\n        <div class=\"destination\">Polska<\/div>\r\n        <div class=\"price\">299<\/div>\r\n    <\/a>\r\n  \r\n    <a href=\"\/l,Portugalia:Algarve,,2026-04-25,2026-05-08,,,,,,,,,,,hotel\" id=\"p2-36\" class=\"element-item portugalia-algarve-1 transport-plane offer-exists\" target=\"_blank\" rel=\"noopener\">\r\n        <div class=\"transport\"><\/div>\r\n        <div class=\"country\">Portugalia<\/div>\r\n        <div class=\"destination\">Algarve<\/div>\r\n        <div class=\"price\">1306<\/div>\r\n    <\/a>\r\n  \r\n    <a href=\"\/l,Portugalia:Azory,,2026-04-25,2026-05-08,,,,,,,,,,,hotel\" id=\"p2-37\" class=\"element-item portugalia-azory-2 transport-plane offer-exists\" target=\"_blank\" rel=\"noopener\">\r\n        <div class=\"transport\"><\/div>\r\n        <div class=\"country\">Portugalia<\/div>\r\n        <div class=\"destination\">Azory<\/div>\r\n        <div class=\"price\">4181<\/div>\r\n    <\/a>\r\n  \r\n    <a href=\"\" id=\"p2-38\" class=\"element-item  transport- offer-not-exists\" target=\"_blank\" rel=\"noopener\">\r\n        <div class=\"transport\"><\/div>\r\n        <div class=\"country\"><\/div>\r\n        <div class=\"destination\"><\/div>\r\n        <div class=\"price\"><\/div>\r\n    <\/a>\r\n  \r\n    <a href=\"\/l,Portugalia:Lizbona,,2026-04-25,2026-05-08,,,,,,,,,,,hotel\" id=\"p2-39\" class=\"element-item portugalia-lizbona-1 transport-plane offer-exists\" target=\"_blank\" rel=\"noopener\">\r\n        <div class=\"transport\"><\/div>\r\n        <div class=\"country\">Portugalia<\/div>\r\n        <div class=\"destination\">Lizbona<\/div>\r\n        <div class=\"price\">1738<\/div>\r\n    <\/a>\r\n  \r\n    <a href=\"\/l,Portugalia:Madera,,2026-04-25,2026-05-08,,,,,,,,,,,hotel\" id=\"p2-40\" class=\"element-item portugalia-madera-2 transport-plane offer-exists\" target=\"_blank\" rel=\"noopener\">\r\n        <div class=\"transport\"><\/div>\r\n        <div class=\"country\">Portugalia<\/div>\r\n        <div class=\"destination\">Madera<\/div>\r\n        <div class=\"price\">2021<\/div>\r\n    <\/a>\r\n  \r\n    <a href=\"\" id=\"p2-41\" class=\"element-item  transport- offer-not-exists\" target=\"_blank\" rel=\"noopener\">\r\n        <div class=\"transport\"><\/div>\r\n        <div class=\"country\"><\/div>\r\n        <div class=\"destination\"><\/div>\r\n        <div class=\"price\"><\/div>\r\n    <\/a>\r\n  \r\n    <a href=\"\" id=\"p2-42\" class=\"element-item  transport- offer-not-exists\" target=\"_blank\" rel=\"noopener\">\r\n        <div class=\"transport\"><\/div>\r\n        <div class=\"country\"><\/div>\r\n        <div class=\"destination\"><\/div>\r\n        <div class=\"price\"><\/div>\r\n    <\/a>\r\n  \r\n    <a href=\"\/l,Turcja,,2026-04-25,2026-05-08,,,,,,,,,,,hotel\" id=\"p2-43\" class=\"element-item turcja-alanya-1 transport-plane offer-exists\" target=\"_blank\" rel=\"noopener\">\r\n        <div class=\"transport\"><\/div>\r\n        <div class=\"country\"><\/div>\r\n        <div class=\"destination\">Turcja<\/div>\r\n        <div class=\"price\">1269<\/div>\r\n    <\/a>\r\n  \r\n    <a href=\"\/l,W\u0119gry:Budapeszt,,2026-04-25,2026-05-08,,,,,,,,,,,hotel\" id=\"p2-44\" class=\"element-item wegry-1 transport-plane offer-exists\" target=\"_blank\" rel=\"noopener\">\r\n        <div class=\"transport\"><\/div>\r\n        <div class=\"country\">W\u0119gry<\/div>\r\n        <div class=\"destination\">Budapeszt<\/div>\r\n        <div class=\"price\">1018<\/div>\r\n    <\/a>\r\n  \r\n    <a href=\"\/l,W\u0142ochy:Riwiera+Adriatycka,,2026-04-25,2026-05-08,,,,,,,,,,,hotel\" id=\"p2-45\" class=\"element-item wlochy-rimini-3 transport-plane offer-exists\" target=\"_blank\" rel=\"noopener\">\r\n        <div class=\"transport\"><\/div>\r\n        <div class=\"country\">W\u0142ochy<\/div>\r\n        <div class=\"destination\">Rimini<\/div>\r\n        <div class=\"price\">1014<\/div>\r\n    <\/a>\r\n  \r\n    <a href=\"\/l,W\u0142ochy:Rzym,,2026-04-25,2026-05-08,,,,,,,,,,,hotel\" id=\"p2-46\" class=\"element-item wlochy-rzym-6 transport-plane offer-exists\" target=\"_blank\" rel=\"noopener\">\r\n        <div class=\"transport\"><\/div>\r\n        <div class=\"country\">W\u0142ochy<\/div>\r\n        <div class=\"destination\">Rzym (City Break)<\/div>\r\n        <div class=\"price\">1050<\/div>\r\n    <\/a>\r\n  \r\n    <a href=\"\" id=\"p2-47\" class=\"element-item  transport- offer-not-exists\" target=\"_blank\" rel=\"noopener\">\r\n        <div class=\"transport\"><\/div>\r\n        <div class=\"country\"><\/div>\r\n        <div class=\"destination\"><\/div>\r\n        <div class=\"price\"><\/div>\r\n    <\/a>\r\n  \r\n    <a href=\"\/l,W\u0142ochy:Sardynia,,2026-04-25,2026-05-08,,,,,,,,,,,hotel\" id=\"p2-48\" class=\"element-item wlochy-sardynia-1 transport-plane offer-exists\" target=\"_blank\" rel=\"noopener\">\r\n        <div class=\"transport\"><\/div>\r\n        <div class=\"country\">W\u0142ochy<\/div>\r\n        <div class=\"destination\">Sardynia<\/div>\r\n        <div class=\"price\">1719<\/div>\r\n    <\/a>\r\n  \r\n    <a href=\"\/l,W\u0142ochy:Sycylia,,2026-04-25,2026-05-08,,,,,,,,,,,hotel\" id=\"p2-49\" class=\"element-item wlochy-sycylia-1 transport-plane offer-exists\" target=\"_blank\" rel=\"noopener\">\r\n        <div class=\"transport\"><\/div>\r\n        <div class=\"country\">W\u0142ochy<\/div>\r\n        <div class=\"destination\">Sycylia<\/div>\r\n        <div class=\"price\">737<\/div>\r\n    <\/a>\r\n  \r\n    <a href=\"\/l,W\u0142ochy:Wenecja,,2026-04-25,2026-05-08,,,,,,,,,,,hotel\" id=\"p2-50\" class=\"element-item wlochy-wenecja-1 transport-plane offer-exists\" target=\"_blank\" rel=\"noopener\">\r\n        <div class=\"transport\"><\/div>\r\n        <div class=\"country\">W\u0142ochy<\/div>\r\n        <div class=\"destination\">Wenecja<\/div>\r\n        <div class=\"price\">1384<\/div>\r\n    <\/a>\r\n  \r\n  <\/div>\r\n<\/div>\r\n\r\n<div class=\"more-offers container d-none\">\r\n  <p>Sprawd\u017a tak\u017ce nasze pozosta\u0142e propozycje na&nbsp;<strong>Maj\u00f3wk\u0119&nbsp;2026:<\/strong><\/p>\r\n  <div class=\"more-offers__btns container\">\r\n    <a href=\"https:\/\/www.eccotravel.eu\/p\/majowka-2026-z-ecco-travel\" class=\"more-offers__btn\">Egzotyka z&nbsp;Ecco&nbsp;Travel<\/a>\r\n  <\/div>\r\n<\/div>\r\n\r\n\r\n<hr>\r\n\r\n\r\n<div class=\"newsletter-footer\">\r\n  <img decoding=\"async\" src=\"https:\/\/www.eccoholiday.com\/fm\/pliki\/lp-deluxe\/img\/bell-eh.svg\" alt=\"Ikona dzwonka - zapis do newslettera Ecco Holiday\">\r\n  <p>Chcesz by\u0107 na bie\u017c\u0105co z naszymi promocjami?<\/p>\r\n  <a href=\"\/index.php?module=dialogs&#038;dialogsTemplate=newsletter\/add&#038;extParams=\" class=\"lp-button--newsletter\">Zapisz si\u0119\r\n    na nasz newsletter<\/a>\r\n<\/div>\r\n\r\n\r\n\r\n\r\n\r\n\r\n<script src=\"https:\/\/www.eccoholiday.com\/p\/wp-content\/themes\/ecco\/assets\/js\/bootstrap.min.js\"><\/script>\r\n<script src=\"https:\/\/www.eccoholiday.com\/fm\/pliki\/aos\/aos.js\"><\/script>\r\n\r\n<script>\r\n\tAOS.init({\r\n\t\tduration: 700,\r\n\t\tonce: true\r\n\t});\r\n<\/script>\r\n\r\n\r\n<script src=\"https:\/\/www.eccoholiday.com\/fm\/pliki\/lp-majowka-2026\/js\/isotope-docs.min.js\"><\/script>\r\n<script src=\"https:\/\/www.eccoholiday.com\/fm\/pliki\/lp-majowka-2026\/js\/isotope.js\"><\/script>","protected":false},"excerpt":{"rendered":"Maj\u00f3wka 2026Najlepsze propozycje na&nbsp;wyjazd! Wiosna to doskona\u0142a okazja by wygrza\u0107 si\u0119 w&nbsp;promieniach s\u0142o\u0144ca, zrelaksowa\u0107 na pla\u017cy lub odkrywa\u0107 fascynuj\u0105ce miasta. Pomo\u017cemy Ci zaplanowa\u0107 Twoj\u0105 Maj\u00f3wk\u0119&nbsp;2026. W&nbsp;naszej ofercie znajdziesz bia\u0142e pla\u017ce na&nbsp;Sardynii, Wyspy Kanaryjskie, gor\u0105cy Egipt i&nbsp;Turcj\u0119, wysp\u0119 wiecznej wiosny, Malt\u0119 i&nbsp;nie tylko! Zobacz, co&nbsp;przygotowali\u015bmy! Kolejno\u015b\u0107 ofert: cena nazwa kierunku Bu\u0142garia 611 Chorwacja 239 Cypr 1074 [&hellip;]","protected":false},"author":4,"featured_media":0,"parent":0,"menu_order":0,"comment_status":"closed","ping_status":"closed","template":"","meta":{"_acf_changed":false,"footnotes":""},"wf_page_folders":[5],"class_list":["post-9350","page","type-page","status-publish","hentry"],"acf":[],"_links":{"self":[{"href":"https:\/\/www.eccoholiday.com\/p\/wp-json\/wp\/v2\/pages\/9350","targetHints":{"allow":["GET"]}}],"collection":[{"href":"https:\/\/www.eccoholiday.com\/p\/wp-json\/wp\/v2\/pages"}],"about":[{"href":"https:\/\/www.eccoholiday.com\/p\/wp-json\/wp\/v2\/types\/page"}],"author":[{"embeddable":true,"href":"https:\/\/www.eccoholiday.com\/p\/wp-json\/wp\/v2\/users\/4"}],"replies":[{"embeddable":true,"href":"https:\/\/www.eccoholiday.com\/p\/wp-json\/wp\/v2\/comments?post=9350"}],"version-history":[{"count":16,"href":"https:\/\/www.eccoholiday.com\/p\/wp-json\/wp\/v2\/pages\/9350\/revisions"}],"predecessor-version":[{"id":11474,"href":"https:\/\/www.eccoholiday.com\/p\/wp-json\/wp\/v2\/pages\/9350\/revisions\/11474"}],"wp:attachment":[{"href":"https:\/\/www.eccoholiday.com\/p\/wp-json\/wp\/v2\/media?parent=9350"}],"wp:term":[{"taxonomy":"wf_page_folders","embeddable":true,"href":"https:\/\/www.eccoholiday.com\/p\/wp-json\/wp\/v2\/wf_page_folders?post=9350"}],"curies":[{"name":"wp","href":"https:\/\/api.w.org\/{rel}","templated":true}]}}