{"id":710,"date":"2020-02-21T10:50:24","date_gmt":"2020-02-21T09:50:24","guid":{"rendered":"https:\/\/beta.eccoholiday.pl\/p?page_id=710"},"modified":"2020-02-21T10:50:24","modified_gmt":"2020-02-21T09:50:24","slug":"wspolpraca","status":"publish","type":"page","link":"https:\/\/www.eccoholiday.com\/p\/wspolpraca","title":{"rendered":"Wsp\u00f3\u0142praca"},"content":{"rendered":"\n<div class=\"wpcf7 no-js\" id=\"wpcf7-f709-o1\" lang=\"pl-PL\" dir=\"ltr\" data-wpcf7-id=\"709\">\n<div class=\"screen-reader-response\"><p role=\"status\" aria-live=\"polite\" aria-atomic=\"true\"><\/p> <ul><\/ul><\/div>\n<form action=\"\/p\/wp-json\/wp\/v2\/pages\/710#wpcf7-f709-o1\" method=\"post\" class=\"wpcf7-form init\" aria-label=\"Formularz kontaktowy\" novalidate=\"novalidate\" data-status=\"init\">\n<fieldset class=\"hidden-fields-container\"><input type=\"hidden\" name=\"_wpcf7\" value=\"709\" \/><input type=\"hidden\" name=\"_wpcf7_version\" value=\"6.1.5\" \/><input type=\"hidden\" name=\"_wpcf7_locale\" value=\"pl_PL\" \/><input type=\"hidden\" name=\"_wpcf7_unit_tag\" value=\"wpcf7-f709-o1\" \/><input type=\"hidden\" name=\"_wpcf7_container_post\" value=\"0\" \/><input type=\"hidden\" name=\"_wpcf7_posted_data_hash\" value=\"\" \/><input type=\"hidden\" name=\"_wpcf7cf_hidden_group_fields\" value=\"[]\" \/><input type=\"hidden\" name=\"_wpcf7cf_hidden_groups\" value=\"[]\" \/><input type=\"hidden\" name=\"_wpcf7cf_visible_groups\" value=\"[]\" \/><input type=\"hidden\" name=\"_wpcf7cf_repeaters\" value=\"[]\" \/><input type=\"hidden\" name=\"_wpcf7cf_steps\" value=\"{}\" \/><input type=\"hidden\" name=\"_wpcf7cf_options\" value=\"{&quot;form_id&quot;:709,&quot;conditions&quot;:[],&quot;settings&quot;:{&quot;animation&quot;:&quot;yes&quot;,&quot;animation_intime&quot;:200,&quot;animation_outtime&quot;:200,&quot;conditions_ui&quot;:&quot;normal&quot;,&quot;notice_dismissed&quot;:false,&quot;notice_dismissed_rollback-cf7-5.8.6&quot;:true,&quot;notice_dismissed_rollback-cf7-5.8.7&quot;:true,&quot;notice_dismissed_rollback-cf7-5.9.5&quot;:true}}\" \/><input type=\"hidden\" name=\"_wpcf7_recaptcha_response\" value=\"\" \/>\n<\/fieldset>\n<h5>Informacje podstawowe<\/h5>\n\n<div class=\"form-group row\">\n  <label for=\"companyName\" class=\"col-sm-2 col-form-label\">Nazwa firmy<\/label>\n  <div class=\"col-sm-10\">\n    <span class=\"wpcf7-form-control-wrap\" data-name=\"companyName\"><input size=\"40\" maxlength=\"400\" class=\"wpcf7-form-control wpcf7-text wpcf7-validates-as-required form-control\" id=\"companyName\" aria-required=\"true\" aria-invalid=\"false\" value=\"\" type=\"text\" name=\"companyName\" \/><\/span>\n  <\/div>\n<\/div>\n\n<div class=\"form-group row\">\n  <label for=\"companyVatId\" class=\"col-sm-2 col-form-label\">NIP<\/label>\n  <div class=\"col-sm-10\">\n    <span class=\"wpcf7-form-control-wrap\" data-name=\"companyVatId\"><input size=\"40\" maxlength=\"400\" class=\"wpcf7-form-control wpcf7-text wpcf7-validates-as-required form-control\" id=\"companyVatId\" aria-required=\"true\" aria-invalid=\"false\" value=\"\" type=\"text\" name=\"companyVatId\" \/><\/span>\n  <\/div>\n<\/div>\n\n<div class=\"form-group row\">\n  <label for=\"companySecondaryId\" class=\"col-sm-2 col-form-label\">REGON<\/label>\n  <div class=\"col-sm-10\">\n    <span class=\"wpcf7-form-control-wrap\" data-name=\"companySecondaryId\"><input size=\"40\" maxlength=\"400\" class=\"wpcf7-form-control wpcf7-text wpcf7-validates-as-required form-control\" id=\"companySecondaryId\" aria-required=\"true\" aria-invalid=\"false\" value=\"\" type=\"text\" name=\"companySecondaryId\" \/><\/span>\n  <\/div>\n<\/div>\n\n<div class=\"form-group row\">\n  <label for=\"companyId\" class=\"col-sm-2 col-form-label\">KRS \/ EDG<\/label>\n  <div class=\"col-sm-10\">\n    <span class=\"wpcf7-form-control-wrap\" data-name=\"companyId\"><input size=\"40\" maxlength=\"400\" class=\"wpcf7-form-control wpcf7-text wpcf7-validates-as-required form-control\" id=\"companyId\" aria-required=\"true\" aria-invalid=\"false\" value=\"\" type=\"text\" name=\"companyId\" \/><\/span>\n  <\/div>\n<\/div>\n\n<div class=\"form-group row\">\n  <label for=\"companyExp\" class=\"col-sm-6 col-form-label\">Do\u015bwiadczenie w bran\u017cy turystycznej<\/label>\n  <div class=\"col-sm-6\">\n    <div class=\"input-group\">\n      <span class=\"wpcf7-form-control-wrap\" data-name=\"companyExp\"><input class=\"wpcf7-form-control wpcf7-number wpcf7-validates-as-required wpcf7-validates-as-number form-control\" id=\"companyExp\" min=\"0\" max=\"100\" aria-required=\"true\" aria-invalid=\"false\" value=\"0\" type=\"number\" name=\"companyExp\" \/><\/span>\n      <div class=\"input-group-append\">\n        <span class=\"input-group-text\" id=\"companyExpAge\">lat<\/span>\n      <\/div>\n    <\/div>\n  <\/div>\n<\/div>\n\n<div class=\"form-group row justify-content-end\">\n  <div class=\"col-sm-10\">\n    <span><span class=\"wpcf7-form-control-wrap\" data-name=\"typeStationary\"><span class=\"wpcf7-form-control wpcf7-acceptance optional\"><span class=\"wpcf7-list-item\"><label><input type=\"checkbox\" name=\"typeStationary\" value=\"1\" class=\"form-check-input\" id=\"typeStationary\" aria-invalid=\"false\" \/><span class=\"wpcf7-list-item-label\">Biuro stacjonarne<\/span><\/label><\/span><\/span><\/span><\/span><span class=\"ml-3\"><span class=\"wpcf7-form-control-wrap\" data-name=\"typeInternet\"><span class=\"wpcf7-form-control wpcf7-acceptance optional\"><span class=\"wpcf7-list-item\"><label><input type=\"checkbox\" name=\"typeInternet\" value=\"1\" class=\"form-check-input\" id=\"typeInternet\" aria-invalid=\"false\" \/><span class=\"wpcf7-list-item-label\">Biuro internetowe<\/span><\/label><\/span><\/span><\/span><\/span>\n  <\/div>\n<\/div>\n\n<div class=\"form-group row justify-content-end\">\n  <div class=\"col-sm-10\">\n    <span><span class=\"wpcf7-form-control-wrap\" data-name=\"typeVat\"><span class=\"wpcf7-form-control wpcf7-acceptance optional\"><span class=\"wpcf7-list-item\"><label><input type=\"checkbox\" name=\"typeVat\" value=\"1\" class=\"form-check-input\" id=\"typeVat\" aria-invalid=\"false\" \/><span class=\"wpcf7-list-item-label\">O\u015bwiadczam, \u017ce jestem p\u0142atnikiem VAT<\/span><\/label><\/span><\/span><\/span><\/span>\n  <\/div>\n<\/div>\n\n<h5>Informacje kontaktowe<\/h5>\n\n<div class=\"form-group row\">\n  <label for=\"contactMail\" class=\"col-sm-2 col-form-label\">Adres E-Mail<\/label>\n  <div class=\"col-sm-10\">\n    <span class=\"wpcf7-form-control-wrap\" data-name=\"contactMail\"><input size=\"40\" maxlength=\"400\" class=\"wpcf7-form-control wpcf7-email wpcf7-validates-as-required wpcf7-text wpcf7-validates-as-email form-control\" id=\"contactMail\" aria-required=\"true\" aria-invalid=\"false\" value=\"\" type=\"email\" name=\"contactMail\" \/><\/span>\n  <\/div>\n<\/div>\n\n<div class=\"form-group row\">\n  <label for=\"contactPhone\" class=\"col-sm-2 col-form-label\">Telefon<\/label>\n  <div class=\"col-sm-10\">\n    <span class=\"wpcf7-form-control-wrap\" data-name=\"contactPhone\"><input size=\"40\" maxlength=\"400\" class=\"wpcf7-form-control wpcf7-text wpcf7-validates-as-required form-control\" id=\"contactPhone\" aria-required=\"true\" aria-invalid=\"false\" value=\"\" type=\"text\" name=\"contactPhone\" \/><\/span>\n  <\/div>\n<\/div>\n\n<div class=\"form-group row\">\n  <label for=\"contactFax\" class=\"col-sm-2 col-form-label\">Fax<\/label>\n  <div class=\"col-sm-10\">\n    <span class=\"wpcf7-form-control-wrap\" data-name=\"contactFax\"><input size=\"40\" maxlength=\"400\" class=\"wpcf7-form-control wpcf7-text form-control\" id=\"contactFax\" aria-invalid=\"false\" value=\"\" type=\"text\" name=\"contactFax\" \/><\/span>\n  <\/div>\n<\/div>\n\n<div class=\"form-group row\">\n  <label for=\"contactPerson\" class=\"col-sm-2 col-form-label\">Reprezentant<\/label>\n  <div class=\"col-sm-10\">\n    <span class=\"wpcf7-form-control-wrap\" data-name=\"contactPerson\"><input size=\"40\" maxlength=\"400\" class=\"wpcf7-form-control wpcf7-text wpcf7-validates-as-required form-control\" id=\"contactPerson\" aria-required=\"true\" aria-invalid=\"false\" value=\"\" type=\"text\" name=\"contactPerson\" \/><\/span>\n  <\/div>\n<\/div>\n\n<h5>Adres siedziby (zarejestrowania firmy)<\/h5>\n\n<div class=\"form-group row\">\n  <label for=\"companyStreet\" class=\"col-sm-2 col-form-label\">Ulica i nr lokalu<\/label>\n  <div class=\"col-sm-10\">\n    <span class=\"wpcf7-form-control-wrap\" data-name=\"companyStreet\"><input size=\"40\" maxlength=\"400\" class=\"wpcf7-form-control wpcf7-text wpcf7-validates-as-required form-control\" id=\"companyStreet\" aria-required=\"true\" aria-invalid=\"false\" value=\"\" type=\"text\" name=\"companyStreet\" \/><\/span>\n  <\/div>\n<\/div>\n\n<div class=\"form-group row\">\n  <label for=\"companyCity\" class=\"col-sm-2 col-form-label\">Miasto<\/label>\n  <div class=\"col-sm-10\">\n    <span class=\"wpcf7-form-control-wrap\" data-name=\"companyCity\"><input size=\"40\" maxlength=\"400\" class=\"wpcf7-form-control wpcf7-text wpcf7-validates-as-required form-control\" id=\"companyCity\" aria-required=\"true\" aria-invalid=\"false\" value=\"\" type=\"text\" name=\"companyCity\" \/><\/span>\n  <\/div>\n<\/div>\n\n<div class=\"form-group row\">\n  <label for=\"companyZipCode\" class=\"col-sm-2 col-form-label\">Kod pocztowy<\/label>\n  <div class=\"col-sm-10\">\n    <span class=\"wpcf7-form-control-wrap\" data-name=\"companyZipCode\"><input size=\"40\" maxlength=\"400\" class=\"wpcf7-form-control wpcf7-text wpcf7-validates-as-required form-control\" id=\"companyZipCode\" aria-required=\"true\" aria-invalid=\"false\" value=\"\" type=\"text\" name=\"companyZipCode\" \/><\/span>\n  <\/div>\n<\/div>\n\n<div class=\"form-group row\">\n  <label for=\"companyRegion\" class=\"col-sm-2 col-form-label\">Wojew\u00f3dztwo<\/label>\n  <div class=\"col-sm-10\">\n    <span class=\"wpcf7-form-control-wrap\" data-name=\"companyRegion\"><select class=\"wpcf7-form-control wpcf7-select wpcf7-validates-as-required form-control\" id=\"companyRegion\" aria-required=\"true\" aria-invalid=\"false\" name=\"companyRegion\"><option value=\"\">&#8212;Prosz\u0119 wybra\u0107 opcj\u0119&#8212;<\/option><option value=\"dolno\u015bl\u0105skie\">dolno\u015bl\u0105skie<\/option><option value=\"kujawsko-pomorskie\">kujawsko-pomorskie<\/option><option value=\"lubelskie\">lubelskie<\/option><option value=\"lubuskie\">lubuskie<\/option><option value=\"\u0142\u00f3dzkie\">\u0142\u00f3dzkie<\/option><option value=\"ma\u0142opolskie\">ma\u0142opolskie<\/option><option value=\"mazowieckie\">mazowieckie<\/option><option value=\"opolskie\">opolskie<\/option><option value=\"podkarpackie\">podkarpackie<\/option><option value=\"podlaskie\">podlaskie<\/option><option value=\"pomorskie\">pomorskie<\/option><option value=\"\u015bl\u0105skie\">\u015bl\u0105skie<\/option><option value=\"\u015bwi\u0119tokrzyskie\">\u015bwi\u0119tokrzyskie<\/option><option value=\"warmi\u0144sko-mazurskie\">warmi\u0144sko-mazurskie<\/option><option value=\"wielkopolskie\">wielkopolskie<\/option><option value=\"zachodniopomorskie\">zachodniopomorskie<\/option><\/select><\/span>\n  <\/div>\n<\/div>\n\n<div class=\"form-group row\">\n  <div class=\"col-sm-12\">\n    <input class=\"wpcf7-form-control wpcf7-submit has-spinner btn btn-secondary\" type=\"submit\" value=\"Wy\u015blij\" \/>\n  <\/div>\n<\/div><div class=\"wpcf7-response-output\" aria-hidden=\"true\"><\/div>\n<\/form>\n<\/div>\n","protected":false},"excerpt":{"rendered":"","protected":false},"author":1,"featured_media":0,"parent":0,"menu_order":0,"comment_status":"closed","ping_status":"closed","template":"","meta":{"_acf_changed":false,"footnotes":""},"wf_page_folders":[4],"class_list":["post-710","page","type-page","status-publish","hentry"],"acf":[],"_links":{"self":[{"href":"https:\/\/www.eccoholiday.com\/p\/wp-json\/wp\/v2\/pages\/710","targetHints":{"allow":["GET"]}}],"collection":[{"href":"https:\/\/www.eccoholiday.com\/p\/wp-json\/wp\/v2\/pages"}],"about":[{"href":"https:\/\/www.eccoholiday.com\/p\/wp-json\/wp\/v2\/types\/page"}],"author":[{"embeddable":true,"href":"https:\/\/www.eccoholiday.com\/p\/wp-json\/wp\/v2\/users\/1"}],"replies":[{"embeddable":true,"href":"https:\/\/www.eccoholiday.com\/p\/wp-json\/wp\/v2\/comments?post=710"}],"version-history":[{"count":1,"href":"https:\/\/www.eccoholiday.com\/p\/wp-json\/wp\/v2\/pages\/710\/revisions"}],"predecessor-version":[{"id":711,"href":"https:\/\/www.eccoholiday.com\/p\/wp-json\/wp\/v2\/pages\/710\/revisions\/711"}],"wp:attachment":[{"href":"https:\/\/www.eccoholiday.com\/p\/wp-json\/wp\/v2\/media?parent=710"}],"wp:term":[{"taxonomy":"wf_page_folders","embeddable":true,"href":"https:\/\/www.eccoholiday.com\/p\/wp-json\/wp\/v2\/wf_page_folders?post=710"}],"curies":[{"name":"wp","href":"https:\/\/api.w.org\/{rel}","templated":true}]}}