{"id":60,"date":"2019-11-04T14:11:14","date_gmt":"2019-11-04T13:11:14","guid":{"rendered":"https:\/\/beta.eccoholiday.pl\/p\/?page_id=60"},"modified":"2023-02-01T13:18:36","modified_gmt":"2023-02-01T12:18:36","slug":"dla-mediow","status":"publish","type":"page","link":"https:\/\/www.eccoholiday.com\/p\/dla-mediow","title":{"rendered":"Dla medi\u00f3w"},"content":{"rendered":"<style>\r\n  .dla-mediow{box-sizing:border-box;font-family:\"Poppins\",sans-serif;font-size:16px;line-height:1.5;color:#404040}@media screen and (max-width: 576px){.dla-mediow{font-size:13px}}.dla-mediow a{color:inherit}.dla-mediow a:hover{color:#0067b4;transition:all .3s ease}.dla-mediow h1{font-size:22px;font-weight:700;color:#004a81}.dla-mediow .namiary{font-weight:900;font-size:1em;line-height:2}.dla-mediow .namiary i{color:#004a81;margin-right:.3em}.dla-mediow hr.media{border:0 !important;height:0 !important;margin:30px 0 !important;border-top:1px solid rgba(0,0,0,.4) !important;border-bottom:1px solid rgba(255,255,255,.3) !important;background-color:rgba(0,0,0,0) !important}.dla-mediow .name{font-weight:700;font-size:1.3em}.dla-mediow .title{font-weight:700;font-size:1em;color:#004a81}.dla-mediow .address{margin:1em 0}.dla-mediow .pack{color:#fff;grid-column:span 2;justify-content:center}@media screen and (max-width: 768px){.dla-mediow .pack{grid-column:span 1}}.dla-mediow .logos{display:grid;width:100%;grid-template-columns:repeat(2, 1fr);grid-template-rows:1fr 1fr;gap:30px;font-weight:300}@media screen and (max-width: 1200px){.dla-mediow .logos{display:flex;flex-direction:column}}.dla-mediow .logo-item{display:flex;flex-direction:column;align-items:center;justify-content:space-between;box-shadow:0px 10px 30px 0px rgba(28,9,80,.1);border-radius:10px;text-align:center;padding:2em 1em;width:100%}.dla-mediow .logo-item:hover{box-shadow:0px 10px 30px 0px rgba(28,9,80,.18);transition:all .3s ease}.dla-mediow .logo-item:hover .wariant,.dla-mediow .logo-item:hover .links{opacity:1;transition:all .3s ease}.dla-mediow .logo-item img.media{margin:40px 0}@media screen and (max-width: 576px){.dla-mediow .logo-item img.media{width:80%}}@media screen and (max-width: 576px){.dla-mediow .media-compact{transform:scale(1);max-width:130px}}.dla-mediow .logo-link{display:inline-block;text-decoration:none;color:#414141;padding:.5em 1em;margin:0;border-radius:5px;border:1px solid #eee}.dla-mediow .wariant,.dla-mediow .links{opacity:0;transition:all .3s ease}@media screen and (max-width: 576px){.dla-mediow .wariant,.dla-mediow .links{opacity:1}}.dla-mediow .links{display:flex;gap:8px;flex-wrap:wrap;justify-content:center}.dla-mediow .links:hover{background-color:#fff;border-color:#ccc;transition:all .3s ease}.dla-mediow .foto-link::before,.dla-mediow .logo-link::before{content:\"\uf33d\";font-family:\"Font Awesome 6 Pro\";margin-right:.5em;color:#004a81;font-weight:900}.dla-mediow .logo-jpg::after{content:\"jpg\";font-weight:400}.dla-mediow .logo-png::after{content:\"png\";font-weight:400}.dla-mediow .logo-eps::after{content:\"eps\";font-weight:400}.dla-mediow .logo-svg::after{content:\"svg\";font-weight:400}.dla-mediow .logo-link-pack{font-size:1.25em;font-weight:600;display:flex;align-items:center;justify-content:center;gap:.5em;background-color:#004a81;color:#fff;line-height:1.2}@media screen and (max-width: 576px){.dla-mediow .logo-link-pack{flex-direction:column}}.dla-mediow .logo-link-pack::before{color:#fff}.dla-mediow .logo-link-pack:hover{background-color:#0067b4;color:#fff}.dla-mediow .logo-link-pack span{font-size:.8em;font-weight:normal}\r\n\r\n<\/style>\r\n   <div class=\"dla-mediow\">\r\n        \r\n        <div class=\"d-block border p-3 mb-5\">\r\n            <div class=\"name\">\u0141ukasz Bukowski<\/div>\r\n            <div class=\"title\">Dyrektor ds. Marketingu<\/div>\r\n            <div class=\"address\">\r\n                Ecco Holiday Sp. z o.o.<br>\r\n                Al. Solidarno\u015bci 46<br>61-696 Pozna\u0144\r\n            <\/div>\r\n            <hr>\r\n            <p><i class=\"far fa-envelope fa-lg fa-fw\"><\/i>\r\n                <a href=\"mailto:lukasz.bukowski@eccoholiday.com\">lukasz.bukowski@eccoholiday.com<\/a>\r\n            <\/p>\r\n            \r\n        <\/div>\r\n        \r\n        \r\n        <h1>Logo do pobrania<\/h1>\r\n        <p>Logo Ecco Holiday oraz Ecco Travel wyst\u0119puje w&nbsp;wersji podstawowej, kompaktowej lub poziomej.\r\n        Mo\u017cna pobra\u0107 pojedynczy plik w wybranym formacie (jpg, png, svg, eps) lub pobra\u0107 ca\u0142y pakiet.<\/p>\r\n        \r\n        \r\n        <div class=\"logos my-5\">\r\n            \r\n            <div class=\"logo-item\">\r\n                <div class=\"wariant\">logo Ecco&nbsp;Holiday &#8211;&nbsp;wersja&nbsp;podstawowa<\/div>\r\n                <img decoding=\"async\" src=\"https:\/\/static.eccoholiday.com\/www\/logo2022\/svg\/logo-ecco-holiday-default.svg\"\r\n                    alt=\"logo Ecco Holiday - wersja podstawowa\" class=\"media\">\r\n                <div class=\"links\">\r\n                    <a href=\"https:\/\/static.eccoholiday.com\/www\/logo2022\/jpg\/logo-ecco-holiday-default.jpg\"\r\n                        class=\"logo-link logo-jpg\"><\/a>\r\n                    <a href=\"https:\/\/static.eccoholiday.com\/www\/logo2022\/png\/logo-ecco-holiday-default.png\"\r\n                        class=\"logo-link logo-png\"><\/a>\r\n                    <a href=\"https:\/\/static.eccoholiday.com\/www\/logo2022\/svg\/logo-ecco-holiday-default.svg\"\r\n                        class=\"logo-link logo-svg\"><\/a>\r\n                    <a href=\"https:\/\/static.eccoholiday.com\/www\/logo2022\/eps\/logo-ecco-holiday-default.eps\"\r\n                        class=\"logo-link logo-eps\"><\/a>\r\n                <\/div>\r\n            <\/div>\r\n            \r\n            <div class=\"logo-item\">\r\n                <div class=\"wariant\">logo Ecco&nbsp;Travel &#8211;&nbsp;wersja&nbsp;podstawowa<\/div>\r\n                <img decoding=\"async\" src=\"https:\/\/static.eccoholiday.com\/www\/logo2022\/svg\/logo-ecco-travel-default.svg\"\r\n                    alt=\"logo Ecco Travel - wersja podstawowa\" class=\"media\">\r\n                <div class=\"links\">\r\n                    <a href=\"https:\/\/static.eccoholiday.com\/www\/logo2022\/jpg\/logo-ecco-travel-default.jpg\"\r\n                        class=\"logo-link logo-jpg\"><\/a>\r\n                    <a href=\"https:\/\/static.eccoholiday.com\/www\/logo2022\/png\/logo-ecco-travel-default.png\"\r\n                        class=\"logo-link logo-png\"><\/a>\r\n                    <a href=\"https:\/\/static.eccoholiday.com\/www\/logo2022\/svg\/logo-ecco-travel-default.svg\"\r\n                        class=\"logo-link logo-svg\"><\/a>\r\n                    <a href=\"https:\/\/static.eccoholiday.com\/www\/logo2022\/eps\/logo-ecco-travel-default.eps\"\r\n                        class=\"logo-link logo-eps\"><\/a>\r\n                <\/div>\r\n            <\/div>\r\n            \r\n            \r\n            <div class=\"logo-item\">\r\n                <div class=\"wariant\">logo Ecco&nbsp;Holiday &#8211;&nbsp;wersja&nbsp;kompaktowa<\/div>\r\n                <img decoding=\"async\" src=\"https:\/\/static.eccoholiday.com\/www\/logo2022\/svg\/logo-ecco-holiday-default-compact.svg\"\r\n                alt=\"logo Ecco Holiday - wersja kompaktowa\" class=\"media media-compact\">\r\n                <div class=\"links\">\r\n                    <a href=\"https:\/\/static.eccoholiday.com\/www\/logo2022\/jpg\/logo-ecco-holiday-default-compact.jpg\"\r\n                        class=\"logo-link logo-jpg\"><\/a>\r\n                        <a href=\"https:\/\/static.eccoholiday.com\/www\/logo2022\/png\/logo-ecco-holiday-default-compact.png\"\r\n                        class=\"logo-link logo-png\"><\/a>\r\n                        <a href=\"https:\/\/static.eccoholiday.com\/www\/logo2022\/svg\/logo-ecco-holiday-default-compact.svg\"\r\n                        class=\"logo-link logo-svg\"><\/a>\r\n                        <a href=\"https:\/\/static.eccoholiday.com\/www\/logo2022\/eps\/logo-ecco-holiday-default-compact.eps\"\r\n                        class=\"logo-link logo-eps\"><\/a>\r\n                    <\/div>\r\n                <\/div>\r\n            \r\n            <div class=\"logo-item\">\r\n                <div class=\"wariant\">logo Ecco&nbsp;Travel &#8211;&nbsp;wersja&nbsp;kompaktowa<\/div>\r\n                <img decoding=\"async\" src=\"https:\/\/static.eccoholiday.com\/www\/logo2022\/svg\/logo-ecco-travel-default-compact.svg\"\r\n                alt=\"logo Ecco Travel - wersja kompaktowa\" class=\"media media-compact\">\r\n                <div class=\"links\">\r\n                    <a href=\"https:\/\/static.eccoholiday.com\/www\/logo2022\/jpg\/logo-ecco-travel-default-compact.jpg\"\r\n                    class=\"logo-link logo-jpg\"><\/a>\r\n                    <a href=\"https:\/\/static.eccoholiday.com\/www\/logo2022\/png\/logo-ecco-travel-default-compact.png\"\r\n                    class=\"logo-link logo-png\"><\/a>\r\n                    <a href=\"https:\/\/static.eccoholiday.com\/www\/logo2022\/svg\/logo-ecco-travel-default-compact.svg\"\r\n                    class=\"logo-link logo-svg\"><\/a>\r\n                    <a href=\"https:\/\/static.eccoholiday.com\/www\/logo2022\/eps\/logo-ecco-travel-default-compact.eps\"\r\n                    class=\"logo-link logo-eps\"><\/a>\r\n                <\/div>\r\n            <\/div>\r\n            \r\n            <div class=\"logo-item\">\r\n                <div class=\"wariant\">logo Ecco&nbsp;Holiday &#8211;&nbsp;wersja&nbsp;pozioma<\/div>\r\n                <img decoding=\"async\" src=\"https:\/\/static.eccoholiday.com\/www\/logo2022\/svg\/logo-ecco-holiday-default-wide.svg\"\r\n                    alt=\"logo Ecco Holiday - wersja pozioma\" class=\"media\">\r\n                <div class=\"links\">\r\n                    <a href=\"https:\/\/static.eccoholiday.com\/www\/logo2022\/jpg\/logo-ecco-holiday-default-wide.jpg\"\r\n                        class=\"logo-link logo-jpg\"><\/a>\r\n                    <a href=\"https:\/\/static.eccoholiday.com\/www\/logo2022\/png\/logo-ecco-holiday-default-wide.png\"\r\n                        class=\"logo-link logo-png\"><\/a>\r\n                    <a href=\"https:\/\/static.eccoholiday.com\/www\/logo2022\/svg\/logo-ecco-holiday-default-wide.svg\"\r\n                        class=\"logo-link logo-svg\"><\/a>\r\n                    <a href=\"https:\/\/static.eccoholiday.com\/www\/logo2022\/eps\/logo-ecco-holiday-default-wide.eps\"\r\n                        class=\"logo-link logo-eps\"><\/a>\r\n                <\/div>\r\n            <\/div>\r\n            \r\n            <div class=\"logo-item\">\r\n                <div class=\"wariant\">logo Ecco&nbsp;Travel &#8211;&nbsp;wersja&nbsp;pozioma<\/div>\r\n                <img decoding=\"async\" src=\"https:\/\/static.eccoholiday.com\/www\/logo2022\/svg\/logo-ecco-travel-default-wide.svg\"\r\n                    alt=\"logo Ecco Travel - wersja pozioma\" class=\"media\">\r\n                <div class=\"links\">\r\n                    <a href=\"https:\/\/static.eccoholiday.com\/www\/logo2022\/jpg\/logo-ecco-travel-default-wide.jpg\"\r\n                        class=\"logo-link logo-jpg\"><\/a>\r\n                    <a href=\"https:\/\/static.eccoholiday.com\/www\/logo2022\/png\/logo-ecco-travel-default-wide.png\"\r\n                        class=\"logo-link logo-png\"><\/a>\r\n                    <a href=\"https:\/\/static.eccoholiday.com\/www\/logo2022\/svg\/logo-ecco-travel-default-wide.svg\"\r\n                        class=\"logo-link logo-svg\"><\/a>\r\n                    <a href=\"https:\/\/static.eccoholiday.com\/www\/logo2022\/eps\/logo-ecco-travel-default-wide.eps\"\r\n                        class=\"logo-link logo-eps\"><\/a>\r\n                <\/div>\r\n            <\/div>\r\n            <div class=\"pack\">\r\n                <a href=\"https:\/\/static.eccoholiday.com\/www\/logo2022\/logo-eh-et-pack.zip\" class=\"logo-link logo-link-pack\">Pobierz pakiet \r\n                    <br><span>(wszystkie formaty i&nbsp;warianty)<\/span><\/a>\r\n            <\/div>\r\n                \r\n        <\/div>\r\n            \r\n            \r\n    <\/div>","protected":false},"excerpt":{"rendered":"\u0141ukasz Bukowski Dyrektor ds. Marketingu Ecco Holiday Sp. z o.o. Al. Solidarno\u015bci 4661-696 Pozna\u0144 lukasz.bukowski@eccoholiday.com Logo do pobrania Logo Ecco Holiday oraz Ecco Travel wyst\u0119puje w&nbsp;wersji podstawowej, kompaktowej lub poziomej. Mo\u017cna pobra\u0107 pojedynczy plik w wybranym formacie (jpg, png, svg, eps) lub pobra\u0107 ca\u0142y pakiet. logo Ecco&nbsp;Holiday &#8211;&nbsp;wersja&nbsp;podstawowa logo Ecco&nbsp;Travel &#8211;&nbsp;wersja&nbsp;podstawowa logo Ecco&nbsp;Holiday &#8211;&nbsp;wersja&nbsp;kompaktowa logo [&hellip;]","protected":false},"author":1,"featured_media":0,"parent":0,"menu_order":3,"comment_status":"closed","ping_status":"closed","template":"","meta":{"_acf_changed":false,"footnotes":""},"wf_page_folders":[4],"class_list":["post-60","page","type-page","status-publish","hentry"],"acf":[],"_links":{"self":[{"href":"https:\/\/www.eccoholiday.com\/p\/wp-json\/wp\/v2\/pages\/60","targetHints":{"allow":["GET"]}}],"collection":[{"href":"https:\/\/www.eccoholiday.com\/p\/wp-json\/wp\/v2\/pages"}],"about":[{"href":"https:\/\/www.eccoholiday.com\/p\/wp-json\/wp\/v2\/types\/page"}],"author":[{"embeddable":true,"href":"https:\/\/www.eccoholiday.com\/p\/wp-json\/wp\/v2\/users\/1"}],"replies":[{"embeddable":true,"href":"https:\/\/www.eccoholiday.com\/p\/wp-json\/wp\/v2\/comments?post=60"}],"version-history":[{"count":22,"href":"https:\/\/www.eccoholiday.com\/p\/wp-json\/wp\/v2\/pages\/60\/revisions"}],"predecessor-version":[{"id":7092,"href":"https:\/\/www.eccoholiday.com\/p\/wp-json\/wp\/v2\/pages\/60\/revisions\/7092"}],"wp:attachment":[{"href":"https:\/\/www.eccoholiday.com\/p\/wp-json\/wp\/v2\/media?parent=60"}],"wp:term":[{"taxonomy":"wf_page_folders","embeddable":true,"href":"https:\/\/www.eccoholiday.com\/p\/wp-json\/wp\/v2\/wf_page_folders?post=60"}],"curies":[{"name":"wp","href":"https:\/\/api.w.org\/{rel}","templated":true}]}}