{"id":5563,"date":"2021-12-13T11:40:05","date_gmt":"2021-12-13T10:40:05","guid":{"rendered":"https:\/\/www.eccoholiday.com\/p?page_id=5563"},"modified":"2023-02-24T14:53:37","modified_gmt":"2023-02-24T13:53:37","slug":"aktualne-wytyczne-i-obostrzenia","status":"publish","type":"page","link":"https:\/\/www.eccoholiday.com\/p\/aktualne-wymogi-i-obostrzenia","title":{"rendered":"Aktualne wytyczne i obostrzenia dla podr\u00f3\u017cuj\u0105cych"},"content":{"rendered":"<link rel=\"stylesheet\" href=\"https:\/\/www.eccoholiday.com\/fm\/pliki\/lp-wytyczne\/style-2.min.css?ts=1775404844\">\r\n\r\n<div class=\"container-fluid lp-wymogi lp-wymogi--1\" brand=\"EH\">\r\n    <div class=\"container lp-wymogi__wstep\">\r\n        <div class=\"lp-panel panel-top\">\r\n            <div class=\"mod-date\"><\/div>\r\n            <h1>Aktualne wytyczne <br>i&nbsp;obostrzenia dla&nbsp;podr\u00f3\u017cuj\u0105cych<\/h1>\r\n            <p>Wakacje to czas relaksu i&nbsp;beztroski. Dlatego&nbsp;robimy wszystko, by&nbsp;planuj\u0105c Wasz wypoczynek,\r\n                towarzyszy\u0142o Wam poczucie bezpiecze\u0144stwa i&nbsp;spokoju.<\/p>\r\n        <\/div>\r\n\r\n        <a href=\"#kierunki\" class=\"lp-panel panel-warunki panel-active\">\r\n            <h2><i class=\"lp-ico warunki\"><\/i><span>Sprawd\u017a jakie warunki nale\u017cy spe\u0142ni\u0107 przed wyjazdem<\/span><\/h2>\r\n            <p><strong>Na bie\u017c\u0105co aktualizujemy informacje<\/strong>, podawane przez poszczeg\u00f3lne kraje, dotycz\u0105ce zasad\r\n                podr\u00f3\u017cowania w&nbsp;zwi\u0105zku z&nbsp;COVID-19. Na&nbsp;tej&nbsp;stronie znajdziecie dane dla\r\n                kierunk\u00f3w znajduj\u0105cych si\u0119 w&nbsp;naszej ofercie.<\/p>\r\n        <\/a>\r\n\r\n        <div class=\"lp-panel panel-infolinia\">\r\n            <p>Wszyscy wiemy, \u017ce sytuacja zmienia si\u0119 dynamicznie, dlatego b\u0119dziemy w&nbsp;miar\u0119 mo\u017cliwo\u015bci uzupe\u0142nia\u0107\r\n                te dane, natomiast <strong>zdecydowanie rekomendujemy<\/strong>, by&nbsp;w&nbsp;sprawie aktualnych\r\n                wytycznych i jakichkolwiek w\u0105tpliwo\u015bci kontaktowa\u0107 si\u0119 z&nbsp;nasz\u0105 infolini\u0105:<\/p>\r\n            <div class=\"infolinia\">\r\n                <i class=\"lp-ico infolinia\"><\/i>\r\n                <div>\r\n                    <a href=\"tel:616785300\" class=\"infolinia__tel\">61 67 85 300<\/a>\r\n                    <div class=\"infolinia__godz\"><span>Pon. &#8211; Pt.: 9:00 \u2013 19:00,<\/span> <span>Sob.: 10:00 &#8211; 18:00<\/span>\r\n                    <\/div>\r\n                    <a href=\"mailto:infolinia@eccoholiday.com\" class=\"infolinia__email\">infolinia@eccoholiday.com<\/a>\r\n                <\/div>\r\n            <\/div>\r\n        <\/div>\r\n\r\n        <a href=\"\/p\/Przed-wyjazdem\" class=\"lp-panel panel-info-wyjazd\" target=\"_blank\" rel=\"noopener\">\r\n            <h2><i class=\"lp-ico info-kw\"><\/i> Sprawd\u017a wa\u017cne informacje przed wyjazdem<\/h2>\r\n            <p>Zapoznaj si\u0119 z aktualnymi komunikatami Ministerstwa Spraw Zagranicznych, przepisami Urz\u0119du lotnictwa Cywilnego oraz warunkami przewozu linii lotniczych, kt\u00f3rymi odb\u0119dzie si\u0119 Twoja podr\u00f3\u017c.<\/p>\r\n        <\/a>\r\n\r\n        <a href=\"https:\/\/strazgraniczna.pl\/\" target=\"_blank\" class=\"lp-panel panel-info-kw\" rel=\"noopener\">\r\n            <h2><i class=\"lp-ico info-kw\"><\/i>Aktualne informacje zwi\u0105zane z&nbsp;kwarantann\u0105<\/h2>\r\n            <p>W zwi\u0105zku z dynamiczn\u0105 sytuacj\u0105 odno\u015bnie zmiany procedur podr\u00f3\u017cowania, prosimy o&nbsp;zapoznanie si\u0119\r\n                z&nbsp;komunikatami na temat aktualnych informacji i&nbsp;wymog\u00f3w dotycz\u0105cych kwarantanny na stronie\r\n                <strong>STRA\u017bY&nbsp;GRANICZNEJ<\/strong>. <\/p>\r\n        <\/a>\r\n\r\n        <a href=\"#bezpieczne-podrozowanie\" class=\"lp-panel panel-active panel-standardy\">\r\n            <h2><i class=\"lp-ico standardy\"><\/i>Sprawd\u017a nowe<br> standardy podr\u00f3\u017cowania<\/h2>\r\n        <\/a>\r\n\r\n        <a href=\"\/index.php?module=dialogs&#038;dialogsMode=submit&#038;dialogsParamsMode=open&#038;dialogsTemplate=newsletter\/add&#038;tag=LP_COV_2021\" class=\"lp-panel panel-newsletter\" target=\"_blank\" rel=\"noopener\">\r\n            <h2><i class=\"lp-ico email\"><\/i>Zapisz si\u0119<br> na nasz newsletter<\/h2>\r\n        <\/a>\r\n    <\/div>\r\n\r\n\r\n    \r\n    <div id=\"kierunki\" class=\"container lp-wymogi__kierunki\">\r\n        <hr>\r\n        <div class=\"section-title\">\r\n            <h1>Aktualne wymogi dla&nbsp;podr\u00f3\u017cuj\u0105cych<\/h1>\r\n            <p>Sprawd\u017a jakie warunki nale\u017cy spe\u0142ni\u0107 przed&nbsp;wyjazdem<\/p>\r\n        <\/div>\r\n\r\n\r\n        <div class=\"filtrowanie\" id=\"filtrowanie\">\r\n            <span class=\"filter-label\">Poka\u017c kierunki:<\/span>\r\n            <span class=\"filter-btn filter-btn--white active\" onclick=\"filterSelection('all')\">wszystkie<\/span>\r\n            <span class=\"filter-btn filter-btn--orange\" onclick=\"filterSelection('test-not-required')\">bez testu dla wszystkich<\/span>\r\n            <span class=\"filter-btn filter-btn--green\" onclick=\"filterSelection('pcr-not-required')\">bez testu dla zaszczepionych<\/span>\r\n        <\/div>\r\n\r\n\r\n\r\n\r\n\r\n\r\n        \r\n\r\n\r\n<\/div>\r\n\r\n\r\n\r\n<div id=\"bezpieczne-podrozowanie\" class=\"container lp-wymogi__bezpieczne-podrozowanie\">\r\n    <hr>\r\n\r\n    <div class=\"section-title\">\r\n        <h1>Nowe standardy podr\u00f3\u017cowania<\/h1>\r\n        <p>&#8211; warto zna\u0107 przed podr\u00f3\u017c\u0105<\/p>\r\n    <\/div>\r\n\r\n    <p class=\"opis\">Rado\u015b\u0107 z&nbsp;podr\u00f3\u017cowania b\u0119dzie tym wi\u0119ksza, im&nbsp;lepiej si\u0119 do&nbsp;niej przygotujesz.\r\n        <br>Zapoznaj&nbsp;si\u0119 z&nbsp;nowymi standardami, a&nbsp;nic&nbsp;Ci\u0119&nbsp;nie&nbsp;zaskoczy.<br>\r\n        <strong>I&nbsp;pami\u0119taj \u2013&nbsp;to&nbsp;wszystko w&nbsp;trosce o&nbsp;Twoje zdrowie\r\n            i&nbsp;bezpiecze\u0144stwo.<\/strong>\r\n    <\/p>\r\n\r\n\r\n\r\n\r\n\r\n\r\n    <div class=\"accordion-item show nsp\">\r\n        <div class=\"accordion-header\" id=\"lotnisko\">\r\n            <button class=\"accordion-button lotnisko collapsed\" type=\"button\" data-bs-toggle=\"collapse\"\r\n                data-bs-target=\"#lotnisko-opis\" aria-expanded=\"false\" aria-controls=\"lotnisko-opis\">\r\n                <span class=\"title\">Na lotnisku<\/span>\r\n\r\n            <\/button>\r\n        <\/div>\r\n        <div id=\"lotnisko-opis\" class=\"accordion-collapse collapse\" aria-labelledby=\"lotnisko\">\r\n            <div class=\"accordion-body\">\r\n                <h2>Og\u00f3lne zasady:<\/h2>\r\n                <ul class=\"fa-ul\">\r\n                    <li><span class=\"fa-li\"><i class=\"fas fa-check\"><\/i><\/span>no\u015b maseczk\u0119<\/li>\r\n                    <li><span class=\"fa-li\"><i class=\"fas fa-check\"><\/i><\/span>pami\u0119taj o&nbsp;zachowaniu\r\n                        dystansu\r\n                        spo\u0142ecznego<\/li>\r\n                    <li><span class=\"fa-li\"><i class=\"fas fa-check\"><\/i><\/span>dezynfekuj r\u0119ce<\/li>\r\n                    <li><span class=\"fa-li\"><i class=\"fas fa-check\"><\/i><\/span>przygotuj si\u0119 na pomiar\r\n                        temperatury<\/li>\r\n                    <li><span class=\"fa-li\"><i class=\"fas fa-check\"><\/i><\/span>ogranicz baga\u017c podr\u0119czny<\/li>\r\n                    <li><span class=\"fa-li\"><i class=\"fas fa-check\"><\/i><\/span>odpraw si\u0119 online (je\u017celi to\r\n                        mo\u017cliwe)<\/li>\r\n                    <li><span class=\"fa-li\"><i class=\"fas fa-check\"><\/i><\/span>wype\u0142nij o\u015bwiadczenie (je\u015bli\r\n                        przewo\u017anik tego\r\n                        wymaga)<\/li>\r\n                    <li><span class=\"fa-li\"><i class=\"fas fa-check\"><\/i><\/span>zabierz za\u015bwiadczenie\r\n                        o&nbsp;wykonanym negatywnie te\u015bcie na COVID-19 (wa\u017cny 72&nbsp;h przed wylotem, je\u015bli\r\n                        kraj docelowy wymaga)<\/li>\r\n                <\/ul>\r\n                <hr>\r\n                <h2>Wdro\u017cone \u015brodki bezpiecze\u0144stwa: <\/h2>\r\n                <p>Wszyscy pracownicy lotnisk wyposa\u017ceni s\u0105 w&nbsp;\u015brodki ochrony indywidualnej, terminale\r\n                    posiadaj\u0105 oznaczenia u\u0142atwiaj\u0105ce zachowanie dystansu spo\u0142ecznego, odizolowanie pasa\u017cer\u00f3w\r\n                    wylatuj\u0105cych od pasa\u017cer\u00f3w przylatuj\u0105cych, dost\u0119p do automat\u00f3w z&nbsp;maseczkami, dost\u0119pne s\u0105\r\n                    \u015brodki do dezynfekcji, ograniczony dost\u0119p do cz\u0119\u015bci infrastruktury, przestrzenie publiczne\r\n                    s\u0105 regularnie dezynfekowane, w&nbsp;autobusach mog\u0105 ograniczeniailo\u015bci pasa\u017cer\u00f3w.<\/p>\r\n                <hr>\r\n                <h2>Aktualno\u015bci z lotnisk: <\/h2>\r\n                <ul class=\"fa-ul\">\r\n                    <li><span class=\"fa-li\"><i class=\"fas fa-arrow-right\"><\/i><\/span><a href=\"https:\/\/lotnisko-chopina.pl\/pl\/aktualnosci-i-wydarzenia\/0\/1031\/szczegoly.html\" target=\"_blank\" class=\"link\" rel=\"noopener\">Warszawa<\/a><\/li>\r\n                    <li><span class=\"fa-li\"><i class=\"fas fa-arrow-right\"><\/i><\/span><a href=\"https:\/\/www.modlinairport.pl\/aktualnosc\/test-na-covid-19-na-lotnisku-warszawamodlin\" target=\"_blank\" class=\"link\" rel=\"noopener\">Warszawa &#8211; Modlin<\/a><\/li>\r\n                    <li><span class=\"fa-li\"><i class=\"fas fa-arrow-right\"><\/i><\/span><a href=\"https:\/\/www.krakowairport.pl\/pl\/pasazer\/faq?c=covid-19\" target=\"_blank\" class=\"link\" rel=\"noopener\">Krak\u00f3w<\/a><\/li>\r\n                    <li><span class=\"fa-li\"><i class=\"fas fa-arrow-right\"><\/i><\/span> <a href=\"https:\/\/www.katowice-airport.com\/pl\/dla-pasazera\/faq\" target=\"_blank\" class=\"link\" rel=\"noopener\">Katowice<\/a><\/li>\r\n                    <li><span class=\"fa-li\"><i class=\"fas fa-arrow-right\"><\/i><\/span> <a href=\"https:\/\/www.airport.gdansk.pl\/informacje-dla-pasazerow\/bezpieczna-podroz-p85.html\" target=\"_blank\" class=\"link\" rel=\"noopener\">Gda\u0144sk<\/a><\/li>\r\n                    <li><span class=\"fa-li\"><i class=\"fas fa-arrow-right\"><\/i><\/span> <a href=\"https:\/\/airport.wroclaw.pl\/testy-na-covid-19-na-lotnisku\/\" target=\"_blank\" class=\"link\" rel=\"noopener\">Wroc\u0142aw<\/a><\/li>\r\n                <\/ul>\r\n            <\/div>\r\n        <\/div>\r\n    <\/div>\r\n\r\n\r\n\r\n\r\n    <div class=\"accordion-item show nsp\">\r\n        <div class=\"accordion-header\" id=\"samolot\">\r\n            <button class=\"accordion-button samolot collapsed\" type=\"button\" data-bs-toggle=\"collapse\"\r\n                data-bs-target=\"#samolot-opis\" aria-expanded=\"false\" aria-controls=\"samolot-opis\">\r\n                <span class=\"title\">W samolocie<\/span>\r\n            <\/button>\r\n        <\/div>\r\n        <div id=\"samolot-opis\" class=\"accordion-collapse collapse\" aria-labelledby=\"samolot\">\r\n            <div class=\"accordion-body\">\r\n                <h2>Og\u00f3lne zasady:<\/h2>\r\n                <ul class=\"fa-ul\">\r\n                    <li><span class=\"fa-li\"><i class=\"fas fa-check\"><\/i><\/span>no\u015b maseczk\u0119<\/li>\r\n                    <li><span class=\"fa-li\"><i class=\"fas fa-check\"><\/i><\/span>dezynfekuj r\u0119ce<\/li>\r\n                    <li><span class=\"fa-li\"><i class=\"fas fa-check\"><\/i><\/span>przygotuj si\u0119 na pomiar\r\n                        temperatury<\/li>\r\n                    <li><span class=\"fa-li\"><i class=\"fas fa-check\"><\/i><\/span>wype\u0142nij kart\u0119 lokalizacji\r\n                        podr\u00f3\u017cnego i&nbsp;przeka\u017c za\u0142odze<\/li>\r\n                    <li><span class=\"fa-li\"><i class=\"fas fa-check\"><\/i><\/span>przygotuj si\u0119 na ograniczenia\r\n                        w&nbsp;serwisie\r\n                        pok\u0142adowym (brak ciep\u0142ych posi\u0142k\u00f3w, napoje i przek\u0105ski serwowane w&nbsp;indywidualnych\r\n                        opakowaniach)\r\n                    <\/li>\r\n                    <li><span class=\"fa-li\"><i class=\"fas fa-check\"><\/i><\/span>wype\u0142nij o\u015bwiadczenie (je\u015bli\r\n                        przewo\u017anik tego wymaga)<\/li>\r\n                    <li><span class=\"fa-li\"><i class=\"fas fa-check\"><\/i><\/span>p\u0142a\u0107 wy\u0142\u0105cznie bezgot\u00f3wkowo<\/li>\r\n                <\/ul>\r\n                <hr>\r\n                <h2>Wdro\u017cone \u015brodki bezpiecze\u0144stwa: <\/h2>\r\n                <p>\r\n                    Personel pok\u0142adowy wyposa\u017cony jest w niezb\u0119dne \u015brodki ochrony osobistej, serwis pok\u0142adowy\r\n                    zosta\u0142 zmodyfikowany, przydzielanie miejsc z zachowaniem bezpiecznej odleg\u0142o\u015bci na lotach z\r\n                    mniejsz\u0105 ilo\u015bci\u0105 pasa\u017cer\u00f3w, po wyl\u0105dowaniu opuszczanie samolotu b\u0119dzie odbywa\u0107 si\u0119\r\n                    stopniowo, samoloty wyposa\u017cone s\u0105 w&nbsp;filtry typu HEPA zapewniaj\u0105ce wysok\u0105 jako\u015b\u0107\r\n                    powietrza, maszyny s\u0105 dezynfekowane specjalnymi \u015brodkami biob\u00f3jczymi.\r\n                <\/p>\r\n                <p style=\"margin-top:1em\">\r\n                    Zgodnie z wytycznymi IATA stosowane s\u0105 te\u017c szczeg\u00f3\u0142owe instrukcje odno\u015bcie cyrkulacji\r\n                    powietrza na pok\u0142adach samolot\u00f3w. Po\u0142owa powietrza w kabinie sk\u0142ada si\u0119 ze \u015bwie\u017co\r\n                    dostarczonego powietrza zewn\u0119trznego (ca\u0142kowita wymiana w ci\u0105gu 3 minut),\r\n                    oraz po\u0142ow\u0119 powietrza recyrkulacyjnego (ca\u0142kowita wymiana w ci\u0105gu 2 do 3 minut). Powietrze\r\n                    jest pompowane z pr\u0119dko\u015bci\u0105 1&nbsp;m\/s przez sufit do kabiny i pod siedzeniami od strony\r\n                    okna. W ten spos\u00f3b, poziome przep\u0142ywy powietrza s\u0105 zminimalizowane. W&nbsp;ten spos\u00f3b tworz\u0105\r\n                    si\u0119 pionowe kurtyny powietrzne, kt\u00f3re minimalizuj\u0105 poziome przep\u0142ywy powietrza. Obecnie\r\n                    klimatyzacja dzia\u0142a zawsze, gdy pasa\u017cerowie s\u0105 na pok\u0142adzie &#8211; nawet podczas postoju na\r\n                    p\u0142ycie lotniska.<\/p>\r\n\r\n            <\/div>\r\n        <\/div>\r\n    <\/div>\r\n\r\n\r\n    <div class=\"accordion-item show nsp\">\r\n        <div class=\"accordion-header\" id=\"hotel\">\r\n            <button class=\"accordion-button hotel collapsed\" type=\"button\" data-bs-toggle=\"collapse\"\r\n                data-bs-target=\"#hotel-opis\" aria-expanded=\"false\" aria-controls=\"hotel-opis\">\r\n                <span class=\"title\">W hotelu<\/span>\r\n            <\/button>\r\n        <\/div>\r\n        <div id=\"hotel-opis\" class=\"accordion-collapse collapse\" aria-labelledby=\"hotel\">\r\n            <div class=\"accordion-body\">\r\n\r\n                <h2>Og\u00f3lne zasady:<\/h2>\r\n                <ul class=\"fa-ul\">\r\n                    <li><span class=\"fa-li\"><i class=\"fas fa-check\"><\/i><\/span>pami\u0119taj o zachowaniu dystansu\r\n                        spo\u0142ecznego w&nbsp;miejscach publicznych<\/li>\r\n                    <li><span class=\"fa-li\"><i class=\"fas fa-check\"><\/i><\/span>przygotuj si\u0119 na zmniejszenie\r\n                        ilo\u015bci stolik\u00f3w\r\n                        w restauracjach<\/li>\r\n                    <li><span class=\"fa-li\"><i class=\"fas fa-check\"><\/i><\/span>zwr\u00f3\u0107 uwag\u0119 na godziny\r\n                        dost\u0119pno\u015bci restauracji i bar\u00f3w<\/li>\r\n                    <li><span class=\"fa-li\"><i class=\"fas fa-check\"><\/i><\/span>dost\u0119p do niekt\u00f3rych \u015bwiadcze\u0144\r\n                        (basen, SPA,\r\n                        mini club, animacje, itp.) mo\u017ce by\u0107 niemo\u017cliwy lub ograniczony<\/li>\r\n                    <li><span class=\"fa-li\"><i class=\"fas fa-check\"><\/i><\/span>w hotelach b\u0119d\u0105 instalowane\r\n                        dozowniki\r\n                        z&nbsp;p\u0142ynami dezynfekuj\u0105cymi w&nbsp;okre\u015blonych miejscach<\/li>\r\n                <\/ul>\r\n                <hr>\r\n                <h2>Wdro\u017cone \u015brodki bezpiecze\u0144stwa: <\/h2>\r\n                <p>\r\n                    W zale\u017cno\u015bci od wymaga\u0144 w danym kraju: bardziej rygorystyczne normy sprz\u0105tania pokoi,\r\n                    dok\u0142adnie dezynfekowane pokoju przy ka\u017cdym Kliencie, wietrzenie i&nbsp;dezynfekcja stref\r\n                    i&nbsp;pomieszcze\u0144 wsp\u00f3lnych, pracownicy wyposa\u017ceni w \u015brodki ochrony indywidualnej,\r\n                    ograniczona mo\u017cliwo\u015b\u0107 samoobs\u0142ugowego korzystania z&nbsp;restauracji podczas posi\u0142k\u00f3w,\r\n                    udost\u0119pnienie dozownik\u00f3w z&nbsp;p\u0142ynami antybakteryjnymi, zmniejszenie ob\u0142o\u017cenia restauracji\r\n                    i&nbsp;bar\u00f3w, ograniczona samoobs\u0142uga w&nbsp;restauracjach i&nbsp;barach, obj\u0119cie kontrol\u0105\r\n                    przez lokalne kom\u00f3rki rz\u0105dowe.\r\n                <\/p>\r\n            <\/div>\r\n        <\/div>\r\n    <\/div>\r\n\r\n\r\n    <div class=\"accordion-item show nsp\">\r\n        <div class=\"accordion-header eu\" id=\"eu\">\r\n            <button class=\"accordion-button eu collapsed\" type=\"button\" data-bs-toggle=\"collapse\"\r\n                data-bs-target=\"#eu-opis\" aria-expanded=\"false\" aria-controls=\"eu-opis\">\r\n                <span class=\"title\">W Unii Europejskiej<\/span>\r\n\r\n            <\/button>\r\n        <\/div>\r\n        <div id=\"eu-opis\" class=\"accordion-collapse collapse\" aria-labelledby=\"eu\">\r\n            <div class=\"accordion-body\">\r\n\r\n\r\n                <ul class=\"fa-ul\">\r\n                    <li><span class=\"fa-li\"><i class=\"fas fa-check\"><\/i><\/span>kliknij i sprawd\u017a, jakie s\u0105\r\n                        wymagania\r\n                        w&nbsp;poszczeg\u00f3lnych krajach:\r\n                        <br><a href=\"https:\/\/reopen.europa.eu\/pl\" target=\"_blank\" rel=\"noopener\">https:\/\/reopen.europa.eu\/pl<\/a>\r\n                    <\/li>\r\n\r\n                <\/ul>\r\n            <\/div>\r\n        <\/div>\r\n    <\/div>\r\n\r\n\r\n    <div class=\"accordion-item show nsp\">\r\n        <div class=\"accordion-header poradnik\" id=\"poradnik\">\r\n            <button class=\"accordion-button poradnik collapsed\" type=\"button\" data-bs-toggle=\"collapse\"\r\n                data-bs-target=\"#poradnik-opis\" aria-expanded=\"false\" aria-controls=\"poradnik-opis\">\r\n                <span class=\"title\">Poradnik turystyczny<\/span>\r\n\r\n            <\/button>\r\n        <\/div>\r\n        <div id=\"poradnik-opis\" class=\"accordion-collapse collapse\" aria-labelledby=\"poradnik\">\r\n            <div class=\"accordion-body\">\r\n\r\n\r\n                <ul class=\"fa-ul\">\r\n                    <li><span class=\"fa-li\"><i class=\"fas fa-check\"><\/i><\/span>kliknij i sprawd\u017a, poradnik turystyczny od gov.pl:\r\n                        <br><a href=\"https:\/\/www.gov.pl\/web\/finanse\/poradnik-turystyczny--wakacyjny-must-have\" target=\"_blank\" rel=\"noopener\">PORADNIK TURYSTYCZNY \u00bb<\/a>\r\n                    <\/li>\r\n\r\n                <\/ul>\r\n            <\/div>\r\n        <\/div>\r\n    <\/div>\r\n\r\n\r\n\r\n\r\n\r\n<\/div>\r\n\r\n\r\n<\/div>\r\n\r\n\r\n\r\n\r\n\r\n\r\n\r\n<script>\r\n    filterSelection(\"all\")\r\n\r\n    function filterSelection(c) {\r\n        var x, i;\r\n        x = document.getElementsByClassName(\"accordion-item__kierunek\");\r\n        if (c == \"all\") c = \"\";\r\n        \/\/ Add the \"show\" class (display:block) to the filtered elements, and remove the \"show\" class from the elements that are not selected\r\n        for (i = 0; i < x.length; i++) {\r\n            w3RemoveClass(x[i], \"show\");\r\n            if (x[i].className.indexOf(c) > -1) w3AddClass(x[i], \"show\");\r\n        }\r\n    }\r\n\r\n    \/\/ Show filtered elements\r\n    function w3AddClass(element, name) {\r\n        var i, arr1, arr2;\r\n        arr1 = element.className.split(\" \");\r\n        arr2 = name.split(\" \");\r\n        for (i = 0; i < arr2.length; i++) {\r\n            if (arr1.indexOf(arr2[i]) == -1) {\r\n                element.className += \" \" + arr2[i];\r\n            }\r\n        }\r\n    }\r\n\r\n    \/\/ Hide elements that are not selected\r\n    function w3RemoveClass(element, name) {\r\n        var i, arr1, arr2;\r\n        arr1 = element.className.split(\" \");\r\n        arr2 = name.split(\" \");\r\n        for (i = 0; i < arr2.length; i++) {\r\n            while (arr1.indexOf(arr2[i]) > -1) {\r\n                arr1.splice(arr1.indexOf(arr2[i]), 1);\r\n            }\r\n        }\r\n        element.className = arr1.join(\" \");\r\n    }\r\n\r\n    \/\/ Add active class to the current control button (highlight it)\r\n    var btnContainer = document.getElementById(\"filtrowanie\");\r\n    var btns = btnContainer.getElementsByClassName(\"filter-btn\");\r\n    for (var i = 0; i < btns.length; i++) {\r\n        btns[i].addEventListener(\"click\", function () {\r\n            var current = document.getElementsByClassName(\"active\");\r\n            current[0].className = current[0].className.replace(\" active\", \"\");\r\n            this.className += \" active\";\r\n        });\r\n    }\r\n<\/script>","protected":false},"excerpt":{"rendered":"Aktualne wytyczne i&nbsp;obostrzenia dla&nbsp;podr\u00f3\u017cuj\u0105cych Wakacje to czas relaksu i&nbsp;beztroski. Dlatego&nbsp;robimy wszystko, by&nbsp;planuj\u0105c Wasz wypoczynek, towarzyszy\u0142o Wam poczucie bezpiecze\u0144stwa i&nbsp;spokoju. Sprawd\u017a jakie warunki nale\u017cy spe\u0142ni\u0107 przed wyjazdem Na bie\u017c\u0105co aktualizujemy informacje, podawane przez poszczeg\u00f3lne kraje, dotycz\u0105ce zasad podr\u00f3\u017cowania w&nbsp;zwi\u0105zku z&nbsp;COVID-19. Na&nbsp;tej&nbsp;stronie znajdziecie dane dla kierunk\u00f3w znajduj\u0105cych si\u0119 w&nbsp;naszej ofercie. Wszyscy wiemy, \u017ce sytuacja zmienia si\u0119 dynamicznie, [&hellip;]","protected":false},"author":1,"featured_media":0,"parent":0,"menu_order":0,"comment_status":"closed","ping_status":"closed","template":"","meta":{"_acf_changed":false,"footnotes":""},"wf_page_folders":[5],"class_list":["post-5563","page","type-page","status-publish","hentry"],"acf":[],"_links":{"self":[{"href":"https:\/\/www.eccoholiday.com\/p\/wp-json\/wp\/v2\/pages\/5563","targetHints":{"allow":["GET"]}}],"collection":[{"href":"https:\/\/www.eccoholiday.com\/p\/wp-json\/wp\/v2\/pages"}],"about":[{"href":"https:\/\/www.eccoholiday.com\/p\/wp-json\/wp\/v2\/types\/page"}],"author":[{"embeddable":true,"href":"https:\/\/www.eccoholiday.com\/p\/wp-json\/wp\/v2\/users\/1"}],"replies":[{"embeddable":true,"href":"https:\/\/www.eccoholiday.com\/p\/wp-json\/wp\/v2\/comments?post=5563"}],"version-history":[{"count":50,"href":"https:\/\/www.eccoholiday.com\/p\/wp-json\/wp\/v2\/pages\/5563\/revisions"}],"predecessor-version":[{"id":5608,"href":"https:\/\/www.eccoholiday.com\/p\/wp-json\/wp\/v2\/pages\/5563\/revisions\/5608"}],"wp:attachment":[{"href":"https:\/\/www.eccoholiday.com\/p\/wp-json\/wp\/v2\/media?parent=5563"}],"wp:term":[{"taxonomy":"wf_page_folders","embeddable":true,"href":"https:\/\/www.eccoholiday.com\/p\/wp-json\/wp\/v2\/wf_page_folders?post=5563"}],"curies":[{"name":"wp","href":"https:\/\/api.w.org\/{rel}","templated":true}]}}