{"id":476,"date":"2020-01-13T09:17:41","date_gmt":"2020-01-13T08:17:41","guid":{"rendered":"https:\/\/beta.eccoholiday.pl\/p?page_id=476"},"modified":"2021-10-21T13:45:11","modified_gmt":"2021-10-21T11:45:11","slug":"ogolne-warunki-przewozu-linii-lotniczych","status":"publish","type":"page","link":"https:\/\/www.eccoholiday.com\/p\/ogolne-warunki-przewozu-linii-lotniczych","title":{"rendered":"Og\u00f3lne warunki przewozu linii lotniczych"},"content":{"rendered":"<style type=\"text\/css\">\r\n\t.linki {\r\n      font-family: Lato, sans-serif;\r\n   }\r\n   .linki li {\r\n      line-height: 24px;\r\n\t  list-style: none;\r\n   }\r\n.linki li:before {\r\n    content: '\\f105';\r\n    font-family: \"Font Awesome 5 Pro\";\r\n    margin-right: .5em;\r\n    color: #004A81;\r\n    font-weight: 900;\r\n    float: left;\r\n}\r\n<\/style>\r\n<ul class=\"linki\">\r\n\t<li><a href=\"http:\/\/www.ryanair.com\/pl\/warunki-dotyczace-podrozy\" target=\"_blank\" rel=\"noopener noreferrer\">Ryanair (j\u0119z. polski)<\/a><\/li>\r\n\t<li><a href=\"http:\/\/wizzair.com\/pl-PL\/useful_information\/general_conditions_of_carriage_list\" target=\"_blank\" rel=\"noopener noreferrer\">Wizzair (j\u0119z. polski)<\/a><\/li>\r\n\t<li><a href=\"http:\/\/www.lot.com\/pl\/pl\/conditions-of-carriage\" target=\"_blank\" rel=\"noopener noreferrer\">LOT (j\u0119z. polski)<\/a><\/li>\r\n\t<li><a href=\"http:\/\/www.klm.com\/travel\/pl_en\/customer_support\/booking_conditions_carriage\/index.htm\" target=\"_blank\" rel=\"noopener noreferrer\">KLM (j\u0119z. angielski)<\/a><\/li>\r\n\t<li><a href=\"http:\/\/www.airfrance.com\/PL\/pl\/local\/transverse\/footer\/edito_cgt1_airfrance.htm\" target=\"_blank\" rel=\"noopener noreferrer\">AirFrance AF (j\u0119z. polski)<\/a><\/li>\r\n\t<li><a href=\"http:\/\/www.aeroflot.com\/cms\/en\/before_and_after_fly\/pact\" target=\"_blank\" rel=\"noopener noreferrer\">Aeroflot SU (j\u0119z. angielski)<\/a><\/li>\r\n\t<li><a href=\"http:\/\/www.emirates.com\/pl\/polish\/sitetools\/terms_and_conditions.aspx\" target=\"_blank\" rel=\"noopener noreferrer\">Emirates Airlines EK (j\u0119z. polski)<\/a><\/li>\r\n\t<li><a href=\"http:\/\/www.qatarairways.com\/pl\/pl\/conditions-of-carriage.page\" target=\"_blank\" rel=\"noopener noreferrer\">Qatar Airways QR (j\u0119z. angielski)<\/a><\/li>\r\n\t<li><a href=\"http:\/\/www.lufthansa.com\/online\/portal\/lh\/cmn\/generalinfo?nodeid=1824300&#038;l=pl&#038;cid=\" target=\"_blank\" rel=\"noopener noreferrer\">Lufthansa LH (j\u0119z. polski)<\/a><\/li>\r\n\t<li><a href=\"http:\/\/www.austrian.com\/Info\/LegalRegulations\/ConditionsOfCarriage.aspx?sc_lang=pl&#038;cc=PL\" target=\"_blank\" rel=\"noopener noreferrer\">Austrian Airlines OS (j\u0119z. polski)<\/a><\/li>\r\n\t<li><a href=\"http:\/\/www.finnair.com\/PL\/PL\/info\/conditions-of-carriage\" target=\"_blank\" rel=\"noopener noreferrer\">Finnair AY (j\u0119z. polski)<\/a><\/li>\r\n\t<li><a href=\"http:\/\/www.swiss.com\/CMSContent\/web\/SiteCollectionDocuments\/Conditions%20of%20carriage\/Conditions-of-carriage-EN.pdf\" target=\"_blank\" rel=\"noopener noreferrer\">Swiss International Airlines (j\u0119z. angielski)<\/a><\/li>\r\n\t<li><a href=\"http:\/\/www.elal.co.il\/ELAL\/English\/HidePages\/GeneralCOnditionsCarriage091207.html\" target=\"_blank\" rel=\"noopener noreferrer\">EL AL Israel Airlines (j\u0119z. angielski)<\/a><\/li>\r\n<\/ul>","protected":false},"excerpt":{"rendered":"Ryanair (j\u0119z. polski) Wizzair (j\u0119z. polski) LOT (j\u0119z. polski) KLM (j\u0119z. angielski) AirFrance AF (j\u0119z. polski) Aeroflot SU (j\u0119z. angielski) Emirates Airlines EK (j\u0119z. polski) Qatar Airways QR (j\u0119z. angielski) Lufthansa LH (j\u0119z. polski) Austrian Airlines OS (j\u0119z. polski) Finnair AY (j\u0119z. polski) Swiss International Airlines (j\u0119z. angielski) EL AL Israel Airlines (j\u0119z. angielski)","protected":false},"author":1,"featured_media":0,"parent":0,"menu_order":0,"comment_status":"closed","ping_status":"closed","template":"","meta":{"_acf_changed":false,"footnotes":""},"wf_page_folders":[4],"class_list":["post-476","page","type-page","status-publish","hentry"],"acf":[],"_links":{"self":[{"href":"https:\/\/www.eccoholiday.com\/p\/wp-json\/wp\/v2\/pages\/476","targetHints":{"allow":["GET"]}}],"collection":[{"href":"https:\/\/www.eccoholiday.com\/p\/wp-json\/wp\/v2\/pages"}],"about":[{"href":"https:\/\/www.eccoholiday.com\/p\/wp-json\/wp\/v2\/types\/page"}],"author":[{"embeddable":true,"href":"https:\/\/www.eccoholiday.com\/p\/wp-json\/wp\/v2\/users\/1"}],"replies":[{"embeddable":true,"href":"https:\/\/www.eccoholiday.com\/p\/wp-json\/wp\/v2\/comments?post=476"}],"version-history":[{"count":6,"href":"https:\/\/www.eccoholiday.com\/p\/wp-json\/wp\/v2\/pages\/476\/revisions"}],"predecessor-version":[{"id":5194,"href":"https:\/\/www.eccoholiday.com\/p\/wp-json\/wp\/v2\/pages\/476\/revisions\/5194"}],"wp:attachment":[{"href":"https:\/\/www.eccoholiday.com\/p\/wp-json\/wp\/v2\/media?parent=476"}],"wp:term":[{"taxonomy":"wf_page_folders","embeddable":true,"href":"https:\/\/www.eccoholiday.com\/p\/wp-json\/wp\/v2\/wf_page_folders?post=476"}],"curies":[{"name":"wp","href":"https:\/\/api.w.org\/{rel}","templated":true}]}}