{"id":458,"date":"2020-01-12T19:48:56","date_gmt":"2020-01-12T18:48:56","guid":{"rendered":"https:\/\/beta.eccoholiday.pl\/p?page_id=458"},"modified":"2026-03-03T14:33:31","modified_gmt":"2026-03-03T13:33:31","slug":"informacje-dla-podroznych","status":"publish","type":"page","link":"https:\/\/www.eccoholiday.com\/p\/informacje-dla-podroznych","title":{"rendered":"Informacje dla podr\u00f3\u017cnych"},"content":{"rendered":"<div class=\"static\" >\r\n\t<i class=\"fa-sharp-duotone fa-solid fa-file-pdf\"><\/i>\r\n\t<a href=\"https:\/\/static.eccoholiday.com\/dl\/wazne_informacje_dla_podroznych.pdf\" target=\"_blank\" rel=\"noopener noreferrer\">\r\n\t\tWa\u017cne informacje dla podr\u00f3\u017cnych\r\n\t<\/a>\r\n<\/div>\r\n\r\n<div class=\"static\" style=\"margin-top:1em;color:red\">\r\n\t<i class=\"fa-sharp-duotone fa-solid fa-circle-info\"><\/i>\r\n\t<a href=\"\/p\/wazne-informacje-o-sytuacji-w-regionie-bliskiego-wschodu\" target=\"_blank\" rel=\"noopener noreferrer\">\r\n\t\tWa\u017cne informacje o sytuacji w regionie Bliskiego Wschodu \r\n\t<\/a>\r\n<\/div>\r\n\r\n\r\n\r\n","protected":false},"excerpt":{"rendered":"Wa\u017cne informacje dla podr\u00f3\u017cnych Wa\u017cne informacje o sytuacji w regionie Bliskiego Wschodu","protected":false},"author":1,"featured_media":0,"parent":0,"menu_order":0,"comment_status":"closed","ping_status":"closed","template":"","meta":{"_acf_changed":false,"footnotes":""},"wf_page_folders":[4],"class_list":["post-458","page","type-page","status-publish","hentry"],"acf":[],"_links":{"self":[{"href":"https:\/\/www.eccoholiday.com\/p\/wp-json\/wp\/v2\/pages\/458","targetHints":{"allow":["GET"]}}],"collection":[{"href":"https:\/\/www.eccoholiday.com\/p\/wp-json\/wp\/v2\/pages"}],"about":[{"href":"https:\/\/www.eccoholiday.com\/p\/wp-json\/wp\/v2\/types\/page"}],"author":[{"embeddable":true,"href":"https:\/\/www.eccoholiday.com\/p\/wp-json\/wp\/v2\/users\/1"}],"replies":[{"embeddable":true,"href":"https:\/\/www.eccoholiday.com\/p\/wp-json\/wp\/v2\/comments?post=458"}],"version-history":[{"count":7,"href":"https:\/\/www.eccoholiday.com\/p\/wp-json\/wp\/v2\/pages\/458\/revisions"}],"predecessor-version":[{"id":10821,"href":"https:\/\/www.eccoholiday.com\/p\/wp-json\/wp\/v2\/pages\/458\/revisions\/10821"}],"wp:attachment":[{"href":"https:\/\/www.eccoholiday.com\/p\/wp-json\/wp\/v2\/media?parent=458"}],"wp:term":[{"taxonomy":"wf_page_folders","embeddable":true,"href":"https:\/\/www.eccoholiday.com\/p\/wp-json\/wp\/v2\/wf_page_folders?post=458"}],"curies":[{"name":"wp","href":"https:\/\/api.w.org\/{rel}","templated":true}]}}