{"id":435,"date":"2019-12-11T11:06:38","date_gmt":"2019-12-11T10:06:38","guid":{"rendered":"https:\/\/beta.eccoholiday.pl\/p?page_id=435"},"modified":"2025-12-17T13:19:03","modified_gmt":"2025-12-17T12:19:03","slug":"wyjazdy-grupowe","status":"publish","type":"page","link":"https:\/\/www.eccoholiday.com\/p\/wyjazdy-grupowe","title":{"rendered":"Wyjazdy grupowe"},"content":{"rendered":"<script src=\"https:\/\/kit.fontawesome.com\/7a0d3b8447.js\" crossorigin=\"anonymous\"><\/script>\r\n<style type=\"text\/css\">\r\n  .grupy * {\r\n    box-sizing: border-box;\r\n  }\r\n\r\n  .grupy-container {\r\n    display: block;\r\n    width: 100%;\r\n  }\r\n\r\n  section {\r\n    width: 100%;\r\n    display: flex;\r\n    border-bottom: 1px solid #c3c3c3;\r\n  }\r\n\r\n  .grupy {\r\n    display: block;\r\n    width: 100%;\r\n    font-family: Rubik, sans-serif;\r\n    font-size: 16px;\r\n    color: #484848;\r\n  }\r\n\r\n  .grupy .top1 {\r\n    position: relative;\r\n    width: 100%;\r\n    padding-top: 50%;\r\n    margin: 0;\r\n    background-image: url(\"https:\/\/static.eccoholiday.com\/www\/wyjazdy-grupowe-tlo.jpg\");\r\n    background-size: cover;\r\n    background-position: center;\r\n    background-repeat: no-repeat;\r\n    background-color: transparent;\r\n  }\r\n\r\n  .top1 h1 {\r\n    position: absolute;\r\n    top: 1em;\r\n    left: 1em;\r\n    font-weight: 700;\r\n    line-height: 1;\r\n    margin: 0;\r\n    font-size: 2.3em;\r\n    color: #004698;\r\n    text-shadow: 2px 2px 2px white;\r\n  }\r\n\r\n  opis {\r\n    display: flex;\r\n    flex-direction: column;\r\n    width: 50%;\r\n    float: left;\r\n    padding: 2em;\r\n  }\r\n\r\n  opis h2 {\r\n    margin: 0;\r\n    padding: 0;\r\n    line-height: 1.8;\r\n    color: #004698;\r\n  }\r\n\r\n  opis p {\r\n    margin: 0 0 1em 0;\r\n  }\r\n\r\n  opis p:last-child {\r\n    margin: 0;\r\n  }\r\n\r\n  oferty {\r\n    display: flex;\r\n    flex-direction: column;\r\n    justify-content: flex-end;\r\n    width: 50%;\r\n    float: left;\r\n    padding: 1em;\r\n    height: auto;\r\n  }\r\n\r\n  oferty {\r\n    margin: 0;\r\n    padding: 2em;\r\n    align-self: center;\r\n  }\r\n\r\n  oferty a {\r\n    display: block;\r\n    margin: 0;\r\n    font-weight: bold;\r\n    font-size: 1em;\r\n    border-bottom: 1px dashed #8e8e8e;\r\n    text-decoration: none;\r\n    color: #004698;\r\n    padding: .2em .5em;\r\n\r\n  }\r\n\r\n  oferty a:before {\r\n    content: \"\\f138\";\r\n    color: #004698;\r\n    font-family: \"Font Awesome 6 Pro\";\r\n    margin-right: .5em;\r\n    list-style: none;\r\n  }\r\n\r\n  oferty a:last-child {\r\n    border: none;\r\n  }\r\n\r\n  oferty a:hover {\r\n    background-color: #004698;\r\n    color: white;\r\n    text-decoration: none;\r\n\r\n  }\r\n\r\n  oferty a:hover:before {\r\n    color: white;\r\n\r\n  }\r\n\r\n  oferty i {\r\n    margin-right: .5em;\r\n  }\r\n\r\n  kontakt {\r\n    display: block;\r\n    line-height: 1.4;\r\n    clear: left;\r\n    float: left;\r\n    text-align: center;\r\n    padding: 1em;\r\n    width: 100%;\r\n  }\r\n\r\n  kontakt .tel {\r\n    font-size: 1.4em;\r\n    color: #004698;\r\n    font-weight: 700;\r\n    text-decoration: none;\r\n  }\r\n\r\n  kontakt a {\r\n    color: #004698;\r\n    font-weight: 700;\r\n  }\r\n\r\n  kontakt a:hover {\r\n    color: #0066dd;\r\n  }\r\n\r\n  \/* *************************************************************************** *\/\r\n\r\n  @media screen and (max-width: 700px) {\r\n    .grupy-container {\r\n      width: 100%;\r\n    }\r\n\r\n    .top1 h1 {\r\n      font-size: 5vw;\r\n    }\r\n\r\n    section {\r\n      flex-direction: column;\r\n    }\r\n\r\n    opis {\r\n      display: block;\r\n      width: 100%;\r\n    }\r\n\r\n    oferty {\r\n      display: block;\r\n      width: 100%;\r\n      justify-content: flex-start;\r\n      padding: 2em;\r\n    }\r\n\r\n    oferty a {\r\n      font-size: 3.5vw;\r\n      padding: .5em .5em;\r\n    }\r\n  }\r\n<\/style>\r\n<div class=\"grupy-container\">\r\n  <div class=\"grupy\">\r\n    <div class=\"top1\">\r\n      <h1>Wyjazdy grupowe<\/h1>\r\n    <\/div>\r\n\r\n    <section>\r\n      <opis>\r\n        <p>\r\n          Nasz zgrany zesp\u00f3\u0142 ju\u017c od kilkunastu lat przygotowuje wyjazdy\r\n          skierowane do os\u00f3b podr\u00f3\u017cuj\u0105cych w grupie przyjaci\u00f3\u0142, rodzin czy tez\r\n          wsp\u00f3\u0142pracownik\u00f3w. Najdalsze zak\u0105tki i pi\u0119kne miejsca \u015bwiata czekaj\u0105 na\r\n          odkrycie. Niezale\u017cnie od profilu grupy mo\u017cemy dopasowa\u0107 ofert\u0119 do\r\n          Pa\u0144stwa oczekiwa\u0144. Organizujemy imprezy o&nbsp;profilu biznesowym,\r\n          konferencyjnym, integracyjnym, a&nbsp;tak\u017ce programy zwiedzania\r\n          i&nbsp;wypoczynku dla zorganizowanych grup,\r\n          <strong>powy\u017cej 10 os\u00f3b.<\/strong>\r\n        <\/p>\r\n\r\n        <p>\r\n          Przypominamy, \u017ce od ofert z&nbsp;naszej strony w&nbsp;przypadku grup\r\n          mo\u017cliwe s\u0105 odst\u0119pstwa od regularnych program\u00f3w na \u017cyczenie Klienta.\r\n        <\/p>\r\n      <\/opis>\r\n\r\n      <oferty>\r\n        <a href=\"http:\/\/www.eccoholiday.com\/fm\/pliki\/grupy\/pekin.pdf?ts=1777781034\" target=\"_blank\" rel=\"noopener noreferrer\">Chiny &#8211; Pekin i okolice<\/a>\r\n        <a href=\"http:\/\/www.eccoholiday.com\/fm\/pliki\/grupy\/indonezja.pdf?ts=1777781034\" target=\"_blank\" rel=\"noopener noreferrer\">Indonezja &#8211; Wyspa Bali<\/a>\r\n        <a href=\"http:\/\/www.eccoholiday.com\/fm\/pliki\/grupy\/kuba.pdf?ts=1777781034\" target=\"_blank\" rel=\"noopener noreferrer\">Kuba<\/a>\r\n        <a href=\"http:\/\/www.eccoholiday.com\/fm\/pliki\/grupy\/malta.pdf?ts=1777781034\" target=\"_blank\" rel=\"noopener noreferrer\">Malta &#8211; \u015aladami \u015aw. Paw\u0142a<\/a>\r\n        <a href=\"http:\/\/www.eccoholiday.com\/fm\/pliki\/grupy\/malta8dni.pdf?ts=1777781034\" target=\"_blank\" rel=\"noopener noreferrer\">Malta<\/a>\r\n        <a href=\"http:\/\/www.eccoholiday.com\/fm\/pliki\/grupy\/sycylia.pdf?ts=1777781034\" target=\"_blank\" rel=\"noopener noreferrer\">Sycylia z mafijnym akcentem<\/a>\r\n        <a href=\"http:\/\/www.eccoholiday.com\/fm\/pliki\/grupy\/indie.pdf?ts=1777781034\" target=\"_blank\" rel=\"noopener noreferrer\">Indie &#8211; Z\u0142oty Tr\u00f3jk\u0105t z tygrysem<\/a>\r\n        <a href=\"http:\/\/www.eccoholiday.com\/fm\/pliki\/grupy\/tajlandia.pdf?ts=1777781034\" target=\"_blank\" rel=\"noopener noreferrer\">Tajlandia i Kambod\u017ca<\/a>\r\n        <a href=\"http:\/\/www.eccoholiday.com\/fm\/pliki\/grupy\/wietnam.pdf?ts=1777781034\" target=\"_blank\" rel=\"noopener noreferrer\">Wietnam i Kambod\u017ca<\/a>\r\n        <a href=\"http:\/\/www.eccoholiday.com\/fm\/pliki\/grupy\/kilimandzaro.pdf?ts=1777781034\" target=\"_blank\" rel=\"noopener noreferrer\">Kilimand\u017caro<\/a>\r\n      <\/oferty>\r\n\r\n    <\/section>\r\n\r\n    <section>\r\n      <opis>\r\n        <h2>Hity<\/h2>\r\n\r\n        <p>\r\n          Gor\u0105co zach\u0119camy do zapoznania si\u0119 z&nbsp;ofert\u0105 naszych sztandarowych\r\n          program\u00f3w, kt\u00f3re ciesz\u0105 si\u0119 najwi\u0119ksz\u0105 popularno\u015bci\u0105 po\u015br\u00f3d naszych\r\n          Klient\u00f3w. Podczas wyjazd\u00f3w zapewniamy opiek\u0119 polskiego pilota.\r\n        <\/p>\r\n\r\n        <p>Istnieje mo\u017cliwo\u015b\u0107 indywidualnej kalkulacji oferty.<\/p>\r\n      <\/opis>\r\n\r\n      <oferty>\r\n        <a href=\"http:\/\/www.eccoholiday.com\/fm\/pliki\/grupy\/hity\/pekin_i_okolice.pdf?ts=1777781034\" target=\"_blank\" rel=\"noopener noreferrer\">Pekin i okolice<\/a>\r\n        <a href=\"http:\/\/www.eccoholiday.com\/fm\/pliki\/grupy\/hity\/chinska_legenda.pdf?ts=1777781034\" target=\"_blank\" rel=\"noopener noreferrer\">Chi\u0144ska Legenda<\/a>\r\n        <a href=\"http:\/\/www.eccoholiday.com\/fm\/pliki\/grupy\/hity\/japonskie_origami.pdf?ts=1777781034\" target=\"_blank\" rel=\"noopener noreferrer\">Japo\u0144skie Origami<\/a>\r\n        <a href=\"http:\/\/www.eccoholiday.com\/fm\/pliki\/grupy\/hity\/Indie_w_pigulce.pdf?ts=1777781034\" target=\"_blank\" rel=\"noopener noreferrer\">Indie &#8211; Indie w pigu\u0142ce<\/a>\r\n        <a href=\"http:\/\/www.eccoholiday.com\/fm\/pliki\/grupy\/hity\/Indie_emiraty_w_pigulce.pdf?ts=1777781034\" target=\"_blank\" rel=\"noopener noreferrer\">Indie i Emiraty Arabskie w pigu\u0142ce<\/a>\r\n      <\/oferty>\r\n      \r\n    <\/section>\r\n\r\n    <section>\r\n      <kontakt>\r\n        Informacje i sprzeda\u017c ofert grupowych:<br \/>\r\n        <a class=\"tel\" href=\"tel:+48616100214\">(61) 6100 214<\/a> lub\r\n        <a class=\"tel\" href=\"tel:+48616785300\">(61) 6785 300<\/a> <br \/>\r\n        e-mail: <a href=\"mailto:grupy@eccoholiday.com\">grupy@eccoholiday.com<\/a><br \/>\r\n      <\/kontakt>\r\n    <\/section>\r\n  <\/div>\r\n\r\n  <div style=\"clear: both\">&nbsp;<\/div>\r\n<\/div>","protected":false},"excerpt":{"rendered":"Wyjazdy grupowe Nasz zgrany zesp\u00f3\u0142 ju\u017c od kilkunastu lat przygotowuje wyjazdy skierowane do os\u00f3b podr\u00f3\u017cuj\u0105cych w grupie przyjaci\u00f3\u0142, rodzin czy tez wsp\u00f3\u0142pracownik\u00f3w. Najdalsze zak\u0105tki i pi\u0119kne miejsca \u015bwiata czekaj\u0105 na odkrycie. Niezale\u017cnie od profilu grupy mo\u017cemy dopasowa\u0107 ofert\u0119 do Pa\u0144stwa oczekiwa\u0144. Organizujemy imprezy o&nbsp;profilu biznesowym, konferencyjnym, integracyjnym, a&nbsp;tak\u017ce programy zwiedzania i&nbsp;wypoczynku dla zorganizowanych grup, powy\u017cej [&hellip;]","protected":false},"author":1,"featured_media":0,"parent":0,"menu_order":0,"comment_status":"closed","ping_status":"closed","template":"","meta":{"_acf_changed":false,"footnotes":""},"wf_page_folders":[4],"class_list":["post-435","page","type-page","status-publish","hentry"],"acf":[],"_links":{"self":[{"href":"https:\/\/www.eccoholiday.com\/p\/wp-json\/wp\/v2\/pages\/435","targetHints":{"allow":["GET"]}}],"collection":[{"href":"https:\/\/www.eccoholiday.com\/p\/wp-json\/wp\/v2\/pages"}],"about":[{"href":"https:\/\/www.eccoholiday.com\/p\/wp-json\/wp\/v2\/types\/page"}],"author":[{"embeddable":true,"href":"https:\/\/www.eccoholiday.com\/p\/wp-json\/wp\/v2\/users\/1"}],"replies":[{"embeddable":true,"href":"https:\/\/www.eccoholiday.com\/p\/wp-json\/wp\/v2\/comments?post=435"}],"version-history":[{"count":15,"href":"https:\/\/www.eccoholiday.com\/p\/wp-json\/wp\/v2\/pages\/435\/revisions"}],"predecessor-version":[{"id":10418,"href":"https:\/\/www.eccoholiday.com\/p\/wp-json\/wp\/v2\/pages\/435\/revisions\/10418"}],"wp:attachment":[{"href":"https:\/\/www.eccoholiday.com\/p\/wp-json\/wp\/v2\/media?parent=435"}],"wp:term":[{"taxonomy":"wf_page_folders","embeddable":true,"href":"https:\/\/www.eccoholiday.com\/p\/wp-json\/wp\/v2\/wf_page_folders?post=435"}],"curies":[{"name":"wp","href":"https:\/\/api.w.org\/{rel}","templated":true}]}}