{"id":327,"date":"2019-11-25T15:16:49","date_gmt":"2019-11-25T14:16:49","guid":{"rendered":"https:\/\/beta.eccoholiday.pl\/p?page_id=327"},"modified":"2023-08-31T12:42:54","modified_gmt":"2023-08-31T10:42:54","slug":"gdzie-kupic","status":"publish","type":"page","link":"https:\/\/www.eccoholiday.com\/p\/gdzie-kupic","title":{"rendered":"Gdzie kupi\u0107"},"content":{"rendered":"<style>\r\n\tmain .box{border:1px solid #d3d3d3}\r\n\tmain .box h1{color:#004a82;font-size:1.3em;font-weight:600}\r\n\tmain .box h3{font-size:2em;font-weight:400}\r\n\tmain .box .fas{min-width:16px}\r\n\tmain .box .line{color:#2f2f2f}\r\n\tmain .box .line b{color:#000}\r\n\tmain .box .line p{display:inline-block;margin:0 0 5px}\r\n\t#mapImg{width:100%}\r\n\t#mapRegions{cursor:pointer}\r\n\t#pos .results .item{border-bottom:1px dotted #ccc;line-height:1.6em}\r\n\t#pos .results .item h4{color:#004a82;margin-bottom:1em}\r\n\t#pos .results .item p{display:contents;line-height:normal}\r\n\t#pos .results .item i.fas{margin-right:.4em}\r\n<\/style>\r\n<div class=\"container\">\r\n\t<div class=\"row mb-3 p-3 box\">\r\n\t\t<div class=\"col-md-12 p-0\">\r\n\t\t\t<h1>Centrum rezerwacji telefonicznej<\/h1>\r\n\t\t\t<div class=\"inner text-center\">\r\n\t\t\t\t<h3><a href=\"tel:616785300\" title=\"Zadzwo\u0144 do nas\" style=\"font-weight: 900\">61 6785 300<\/a><\/h3>\r\n\t\t\t\t<p>Poniedzia\u0142ek &#8211; Pi\u0105tek: 9:00 &#8211; 20:00<br\/>Sobota &#8211; Niedziela: 10:00 &#8211; 18:00<\/p>\r\n\t\t\t\t<small class=\"float-right\">* Ca\u0142kowity koszt po\u0142\u0105czenia wg stawki operatora<\/small>\r\n\t\t\t<\/div>\r\n\t\t<\/div>\r\n\t<\/div>\r\n\t<div class=\"row mb-3 p-3 box\">\r\n\t\t<div class=\"col-md-12 p-0\">\r\n\t\t\t<h1>Biura presti\u017cowe<\/h1>\r\n\t\t\t<div class=\"inner row\">\r\n\t\t\t\t<div class=\"col-md-6\">\r\n\t\t\t\t\t<h4>Biuro podr\u00f3\u017cy &bdquo;Odkrywaj \u015awiat&rdquo;<\/h4>\r\n\t\t\t\t\t<div class=\"line\">\r\n\t\t\t\t\t\t<i class=\"fas fa-map-marker-alt mr-1\"><\/i>\r\n\t\t\t\t\t\t<p>Traugutta 4, \u0141\u00f3d\u017a<\/p>\r\n\t\t\t\t\t<\/div>\r\n\t\t\t\t\t<div class=\"line\">\r\n\t\t\t\t\t\t<i class=\"fas fa-phone mr-1\"><\/i>\r\n\t\t\t\t\t\t<p><a href=\"tel:426333636\" title=\"Zadzwo\u0144\">(42) 633 36 36<\/a><\/p>\r\n\t\t\t\t\t<\/div>\r\n\t\t\t\t\t<div class=\"line\">\r\n\t\t\t\t\t\t<i class=\"fas fa-envelope mr-1\"><\/i>\r\n\t\t\t\t\t\t<p><a href=\"mailto:biuro@odkrywajswiat.pl\" title=\"Napisz e-mail\">biuro@odkrywajswiat.pl<\/a><\/p>\r\n\t\t\t\t\t<\/div>\r\n\t\t\t\t<\/div>\r\n\t\t\t\t<div class=\"col-md-6\">\r\n\t\t\t\t\t<div class=\"embed-responsive embed-responsive-1by1\">\r\n\t\t\t\t\t\t<iframe class=\"embed-responsive-item\" src=\"https:\/\/www.google.com\/maps\/embed\/v1\/place?q=place_id:ChIJN8KvlNXKG0cRNFrbsZpImb8&#038;key=AIzaSyBv6hlg5zn6dNNFPIP4hc7nIVllf5j6eo0\">\r\n\t\t\t\t\t\t<\/iframe>\r\n\t\t\t\t\t<\/div>\r\n\t\t\t\t<\/div>\r\n\t\t\t<\/div>\r\n\t\t<\/div>\r\n\t<\/div>\r\n\t<div id=\"pos\" class=\"row mb-3 p-3 box\">\r\n\t\t<div class=\"col-md-12 p-0\">\r\n\t\t\t<h1>Punkty sprzeda\u017cy<\/h1>\r\n\t\t\t<div class=\"inner\">\r\n\t\t\t\t<div class=\"row\">\r\n    <div class=\"col-md-6\">\r\n        <form action=\"\">\r\n            <div class=\"form-group\">\r\n                <label for=\"agentRegion\">Wojew\u00f3dztwo<\/label>\r\n                <select id=\"agentRegion\" class=\"form-control\" onchange=\"agentList.mapSelectRegion()\">\r\n                    <option selected>Wszystkie<\/option>\r\n                    <option value=\"Dolno\u015bl\u0105skie\">Dolno\u015bl\u0105skie<\/option><option value=\"Kujawsko-Pomorskie\">Kujawsko-Pomorskie<\/option><option value=\"Lubelskie\">Lubelskie<\/option><option value=\"Lubuskie\">Lubuskie<\/option><option value=\"\u0141\u00f3dzkie\">\u0141\u00f3dzkie<\/option><option value=\"Ma\u0142opolskie\">Ma\u0142opolskie<\/option><option value=\"Mazowieckie\">Mazowieckie<\/option><option value=\"Opolskie\">Opolskie<\/option><option value=\"Podkarpackie\">Podkarpackie<\/option><option value=\"Podlaskie\">Podlaskie<\/option><option value=\"Pomorskie\">Pomorskie<\/option><option value=\"\u015al\u0105skie\">\u015al\u0105skie<\/option><option value=\"\u015awi\u0119tokrzyskie\">\u015awi\u0119tokrzyskie<\/option><option value=\"Warmi\u0144sko-Mazurskie\">Warmi\u0144sko-Mazurskie<\/option><option value=\"Wielkopolskie\">Wielkopolskie<\/option><option value=\"Zachodniopomorskie\">Zachodniopomorskie<\/option><option value=\"Zagranica\">Zagranica<\/option>\r\n                <\/select>\r\n            <\/div>\r\n            <div class=\"form-group mt-3\">\r\n                <label for=\"agentCity\">Miasto<\/label>\r\n                <select id=\"agentCity\" class=\"form-control\">\r\n                    <option selected>Wszystkie<\/option>\r\n                <\/select>\r\n            <\/div>\r\n            <button type=\"button\" class=\"btn btn-primary btn-block py-2 mt-4\">Szukaj<\/button>\r\n        <\/form>\r\n    <\/div>\r\n    <div class=\"col-md-6\">\r\n        <img decoding=\"async\" id=\"mapImg\" alt=\"Polska\" src=\"https:\/\/www.eccoholiday.com\/data\/images\/widgets\/agents\/default\/regions\/woj_.gif\" usemap=\"#mapRegions\">\r\n        <map name=\"mapRegions\" id=\"mapRegions\">\r\n            <area shape=\"poly\" coords=\"7,78,56,65,80,54,87,43,93,44,94,56,90,58,89,71,91,79,93,79,93,83,94,89,86,98,81,101,78,102,78,108,83,113,72,127,66,127,66,121,63,120,57,123,53,128,40,128,32,136,26,134,21,135,16,147,0,136,8,122,12,110,8,83\" alt=\"zachodniopomorskie\" onmouseover=\"agentList.mapMouseOver('zachodniopomorskie');\" onmouseout=\"agentList.mapMouseOut('zachodniopomorskie');\" nohref=\"nohref\" onclick=\"agentList.mapClick('zachodniopomorskie');\">\r\n            <area shape=\"poly\" coords=\"182,69,182,56,194,52,250,55,299,53,291,59,300,80,280,97,267,101,259,101,219,115,214,121,197,117,196,111,190,111,177,97,183,88,189,89,192,82,190,76\" alt=\"warminsko-mazurskie\" onmouseover=\"agentList.mapMouseOver('warminsko-mazurskie');\" onmouseout=\"agentList.mapMouseOut('warminsko-mazurskie');\" nohref=\"nohref\" onclick=\"agentList.mapClick('warminsko-mazurskie');\">\r\n            <area shape=\"poly\" coords=\"97,42,111,32,146,30,149,38,152,47,157,54,167,58,177,57,179,60,176,66,178,72,188,80,185,83,180,83,175,90,171,96,165,96,164,91,165,89,158,89,151,91,150,93,144,86,139,84,129,88,119,95,116,94,114,96,110,99,98,96,98,90,101,81,94,72,94,59,98,57\" alt=\"POMORSKIE\" onmouseover=\"agentList.mapMouseOver('pomorskie');\" onmouseout=\"agentList.mapMouseOut('pomorskie');\" nohref=\"nohref\" onclick=\"agentList.mapClick('pomorskie');\">\r\n            <area shape=\"poly\" coords=\"268,107,289,100,301,90,306,81,303,70,296,62,307,52,313,56,321,58,325,66,327,82,336,105,345,118,346,141,341,149,329,152,326,160,322,165,322,168,318,164,311,163,302,163,299,153,297,144,297,141,292,140,289,136,286,135,283,137,280,133,274,127,271,123,268,120,268,108\" alt=\"podlaskie\" onmouseover=\"agentList.mapMouseOver('podlaskie');\" onmouseout=\"agentList.mapMouseOut('podlaskie');\" nohref=\"nohref\" onclick=\"agentList.mapClick('podlaskie');\">\r\n            <area shape=\"poly\" coords=\"13,163,18,175,18,188,14,196,16,203,20,206,17,209,19,214,23,217,32,216,36,218,38,215,42,214,45,216,52,209,56,204,59,200,65,201,69,204,73,202,73,198,72,197,66,198,63,196,63,193,61,191,59,190,57,186,55,185,53,152,61,133,61,127,61,126,58,132,46,133,42,132,35,138,31,140,27,139,24,139,20,150,17,152,17,159\" alt=\"lubuskie\" onmouseover=\"agentList.mapMouseOver('lubuskie');\" onmouseout=\"agentList.mapMouseOut('lubuskie');\" nohref=\"nohref\" onclick=\"agentList.mapClick('lubuskie');\">\r\n            <area shape=\"poly\" coords=\"62,142,66,135,68,132,75,130,84,121,90,115,90,111,84,107,82,105,89,102,93,99,94,97,99,102,101,104,105,102,108,102,106,105,106,109,109,113,112,117,109,119,108,126,108,132,110,136,114,139,111,146,112,151,119,153,125,154,131,158,137,162,140,163,147,163,152,165,158,169,160,171,167,171,171,176,164,181,162,185,159,188,156,197,149,199,144,205,144,214,144,221,138,223,134,225,133,231,136,237,132,240,127,240,126,235,126,229,125,225,122,223,118,223,118,216,116,213,114,209,109,209,101,210,96,213,93,213,89,208,84,201,79,198,75,194,70,192,66,191,65,186,60,183,60,177,61,169,61,162,59,153,62,147\" alt=\"wielkopolskie\" onmouseover=\"agentList.mapMouseOver('wielkopolskie');\" onmouseout=\"agentList.mapMouseOut('wielkopolskie');\" nohref=\"nohref\" onclick=\"agentList.mapClick('wielkopolskie');\">\r\n            <area shape=\"poly\" coords=\"29,221,35,225,38,223,40,219,45,222,51,220,54,216,58,210,61,206,66,208,71,209,78,206,79,206,86,214,93,219,99,219,105,217,111,214,113,216,113,223,115,228,120,228,122,229,122,236,119,237,114,239,102,257,101,268,89,278,87,284,89,289,81,298,77,290,75,285,69,282,73,276,76,270,72,265,64,265,59,268,56,267,49,257,36,256,34,249,29,242,23,242,26,230,26,223\" alt=\"dolnoslaskie\" onmouseover=\"agentList.mapMouseOver('dolnoslaskie');\" onmouseout=\"agentList.mapMouseOut('dolnoslaskie');\" nohref=\"nohref\" onclick=\"agentList.mapClick('dolnoslaskie');\">\r\n            <area shape=\"poly\" coords=\"113,130,116,121,116,115,113,110,115,101,119,102,125,96,130,92,134,90,142,92,148,95,153,96,159,95,161,99,169,100,174,100,176,105,182,112,188,117,192,117,192,121,190,126,190,130,186,134,184,138,183,143,183,146,179,159,177,165,175,169,173,170,171,167,166,165,162,166,158,163,153,159,146,158,140,158,135,155,129,151,121,150,118,149,118,144,119,138,119,134\" alt=\"kujawsko-pomorskie\" onmouseover=\"agentList.mapMouseOver('kujawsko-pomorskie');\" onmouseout=\"agentList.mapMouseOut('kujawsko-pomorskie');\" nohref=\"nohref\" onclick=\"agentList.mapClick('kujawsko-pomorskie');\">\r\n            <area shape=\"poly\" coords=\"182,166,186,153,189,140,193,133,197,122,209,126,217,124,225,120,233,117,241,115,254,110,261,106,263,105,264,122,267,126,271,129,278,138,283,142,286,140,290,143,295,152,296,159,298,164,302,167,314,167,318,168,319,171,316,176,312,183,311,183,308,181,306,181,303,184,302,185,300,182,296,185,295,186,291,185,286,187,279,188,276,189,275,192,277,195,278,200,275,204,270,210,270,214,274,218,274,234,274,241,273,242,267,243,263,245,259,245,255,240,251,237,248,235,242,238,239,240,233,236,226,232,225,230,228,223,228,218,225,213,224,210,229,211,232,209,231,206,230,204,231,198,227,194,224,193,219,193,216,187,216,184,212,183,210,179,207,173,200,171,198,176,196,176\" alt=\"mazowieckie\" onmouseover=\"agentList.mapMouseOver('mazowieckie');\" onmouseout=\"agentList.mapMouseOut('mazowieckie');\" nohref=\"nohref\" onclick=\"agentList.mapClick('mazowieckie');\">\r\n            <area shape=\"poly\" coords=\"140,226,147,226,148,217,148,207,151,204,158,202,162,202,163,192,163,189,168,190,169,188,170,184,174,180,176,177,177,173,180,171,189,176,192,179,195,180,201,179,204,176,207,183,212,188,214,196,216,199,222,197,226,199,225,205,224,207,221,208,220,213,222,219,224,222,223,228,220,231,217,235,212,234,207,236,205,239,204,242,204,244,200,248,199,252,197,257,192,254,187,249,186,246,181,245,178,247,177,249,175,244,171,243,163,243,156,244,151,242,145,240,141,238,140,234,139,231\" alt=\"lodzkie\" onmouseover=\"agentList.mapMouseOver('lodzkie');\" onmouseout=\"agentList.mapMouseOut('lodzkie');\" nohref=\"nohref\" onclick=\"agentList.mapClick('lodzkie');\">\r\n            <area shape=\"poly\" coords=\"323,174,338,183,340,186,337,203,338,221,351,242,358,249,355,253,357,260,359,263,359,273,357,276,348,278,346,283,344,284,339,280,336,279,331,278,324,281,323,284,311,284,305,282,303,280,308,278,309,274,305,270,299,267,294,264,291,260,293,256,289,255,282,257,281,258,278,251,278,246,279,231,278,222,279,217,278,214,274,211,280,204,283,199,280,193,281,191,292,189,294,191,298,191,300,188,303,190,306,188,308,185,312,187,319,182\" alt=\"lubelskie\" onmouseover=\"agentList.mapMouseOver('lubelskie');\" onmouseout=\"agentList.mapMouseOut('lubelskie');\" nohref=\"nohref\" onclick=\"agentList.mapClick('lubelskie');\">\r\n            <area shape=\"poly\" coords=\"97,281,105,271,106,262,111,256,117,247,118,242,126,243,128,247,134,246,138,241,148,245,154,249,153,259,149,262,148,268,149,272,151,273,146,276,144,283,144,288,144,291,138,293,134,294,130,303,128,306,123,299,122,297,124,293,123,286,122,284,117,288,113,291\" alt=\"opolskie\" onmouseover=\"agentList.mapMouseOver('opolskie');\" onmouseout=\"agentList.mapMouseOut('opolskie');\" nohref=\"nohref\" onclick=\"agentList.mapClick('opolskie');\">\r\n            <area shape=\"poly\" coords=\"172,341,171,334,168,330,165,333,165,327,164,323,159,322,156,319,155,314,153,310,151,308,146,309,143,312,141,309,138,305,137,302,139,299,143,295,148,295,151,296,151,293,151,289,151,284,149,283,149,280,155,277,157,276,157,272,155,269,154,268,156,261,158,254,159,250,170,249,174,252,179,254,183,251,186,257,189,260,194,259,197,260,195,264,196,267,199,270,200,271,199,275,200,277,203,279,198,279,193,280,190,281,187,283,187,286,182,286,181,286,180,289,180,293,181,295,179,298,176,302,174,304,173,305,172,310,176,315,179,320,182,322,184,329,184,330,178,332\" alt=\"slaskie\" onmouseover=\"agentList.mapMouseOver('slaskie');\" onmouseout=\"agentList.mapMouseOut('slaskie');\" nohref=\"nohref\" onclick=\"agentList.mapClick('slaskie');\">\r\n            <area shape=\"poly\" coords=\"204,260,202,255,204,253,211,254,213,250,213,246,210,242,213,239,222,238,224,236,230,240,236,244,242,244,247,241,249,241,253,246,256,247,263,249,268,248,273,248,277,255,276,260,273,266,270,270,261,276,254,282,252,285,248,286,244,286,239,289,230,293,226,294,223,291,223,285,222,279,216,276,209,275,205,275,204,273,204,269,201,264\" alt=\"swietokrzyskie\" onmouseover=\"agentList.mapMouseOver('swietokrzyskie');\" onmouseout=\"agentList.mapMouseOut('swietokrzyskie');\" nohref=\"nohref\" onclick=\"agentList.mapClick('swietokrzyskie');\">\r\n            <area shape=\"poly\" coords=\"187,300,189,291,196,285,213,281,218,284,219,295,223,299,231,299,244,293,250,290,250,303,253,311,254,313,250,317,254,323,257,326,260,335,260,337,252,338,248,343,244,346,240,341,237,338,226,340,219,342,213,346,209,351,208,354,203,352,205,348,204,342,201,340,193,339,189,328,188,320,183,315,179,311,178,308,183,302\" alt=\"malopolskie\" onmouseover=\"agentList.mapMouseOver('malopolskie');\" onmouseout=\"agentList.mapMouseOut('malopolskie');\" nohref=\"nohref\" onclick=\"agentList.mapClick('malopolskie');\">\r\n            <area shape=\"poly\" coords=\"317,358,313,353,313,340,313,336,309,333,312,324,340,287,336,282,334,281,321,289,310,291,304,288,299,285,298,282,300,276,302,275,298,273,292,270,289,267,288,261,283,262,279,263,274,274,263,282,257,286,255,298,255,306,260,312,261,316,257,317,264,327,265,336,265,339,281,339,288,342,293,349\" alt=\"podkarpackie\" onmouseover=\"agentList.mapMouseOver('podkarpackie');\" onmouseout=\"agentList.mapMouseOut('podkarpackie');\" nohref=\"nohref\" onclick=\"agentList.mapClick('podkarpackie');\">\r\n        <\/map>\r\n    <\/div>\r\n<\/div>\r\n<div class=\"row\">\r\n    <div class=\"col-md-12 mt-3 px-4 results\">\r\n    <\/div>\r\n<\/div>\r\n\t\t\t<\/div>\r\n\t\t<\/div>\r\n\t<\/div>\r\n<\/div>","protected":false},"excerpt":{"rendered":"Centrum rezerwacji telefonicznej 61 6785 300 Poniedzia\u0142ek &#8211; Pi\u0105tek: 9:00 &#8211; 20:00Sobota &#8211; Niedziela: 10:00 &#8211; 18:00 * Ca\u0142kowity koszt po\u0142\u0105czenia wg stawki operatora Biura presti\u017cowe Biuro podr\u00f3\u017cy &bdquo;Odkrywaj \u015awiat&rdquo; Traugutta 4, \u0141\u00f3d\u017a (42) 633 36 36 biuro@odkrywajswiat.pl Punkty sprzeda\u017cy","protected":false},"author":1,"featured_media":0,"parent":0,"menu_order":0,"comment_status":"closed","ping_status":"closed","template":"","meta":{"_acf_changed":false,"footnotes":""},"wf_page_folders":[4],"class_list":["post-327","page","type-page","status-publish","hentry"],"acf":[],"_links":{"self":[{"href":"https:\/\/www.eccoholiday.com\/p\/wp-json\/wp\/v2\/pages\/327","targetHints":{"allow":["GET"]}}],"collection":[{"href":"https:\/\/www.eccoholiday.com\/p\/wp-json\/wp\/v2\/pages"}],"about":[{"href":"https:\/\/www.eccoholiday.com\/p\/wp-json\/wp\/v2\/types\/page"}],"author":[{"embeddable":true,"href":"https:\/\/www.eccoholiday.com\/p\/wp-json\/wp\/v2\/users\/1"}],"replies":[{"embeddable":true,"href":"https:\/\/www.eccoholiday.com\/p\/wp-json\/wp\/v2\/comments?post=327"}],"version-history":[{"count":50,"href":"https:\/\/www.eccoholiday.com\/p\/wp-json\/wp\/v2\/pages\/327\/revisions"}],"predecessor-version":[{"id":7677,"href":"https:\/\/www.eccoholiday.com\/p\/wp-json\/wp\/v2\/pages\/327\/revisions\/7677"}],"wp:attachment":[{"href":"https:\/\/www.eccoholiday.com\/p\/wp-json\/wp\/v2\/media?parent=327"}],"wp:term":[{"taxonomy":"wf_page_folders","embeddable":true,"href":"https:\/\/www.eccoholiday.com\/p\/wp-json\/wp\/v2\/wf_page_folders?post=327"}],"curies":[{"name":"wp","href":"https:\/\/api.w.org\/{rel}","templated":true}]}}