{"id":10817,"date":"2026-03-03T14:15:30","date_gmt":"2026-03-03T13:15:30","guid":{"rendered":"https:\/\/www.eccoholiday.com\/p?page_id=10817"},"modified":"2026-03-04T09:09:07","modified_gmt":"2026-03-04T08:09:07","slug":"wazne-informacje-o-sytuacji-w-regionie-bliskiego-wschodu","status":"publish","type":"page","link":"https:\/\/www.eccoholiday.com\/p\/wazne-informacje-o-sytuacji-w-regionie-bliskiego-wschodu","title":{"rendered":"Wa\u017cne informacje o sytuacji w regionie Bliskiego Wschodu"},"content":{"rendered":"<style>\r\n        .info-article {\r\n            font-size: 1em;\r\n            max-width: 600px;\r\n            margin: 1em 0;\r\n            line-height: 1.4;\r\n            text-align: justify;\r\n\r\n            @media screen and (max-width:600px) {\r\n                text-align: left;\r\n                padding: .5em;\r\n                line-height: 1.5;\r\n            }\r\n\r\n            img {\r\n                width: 100%;\r\n                margin-bottom: 2em;\r\n                border-radius: 8px;\r\n            }\r\n\r\n            strong {\r\n                font-weight: 800;\r\n            }\r\n\r\n            li {\r\n                margin-bottom: .75em;\r\n                text-align: left;\r\n\r\n            }\r\n        }\r\n    <\/style>\r\n\r\n    <div class=\"info-article\">\r\n\r\n        <img decoding=\"async\" src=\"https:\/\/static.eccoholiday.com\/dl\/img\/info-article-top.webp\" alt=\"Wa\u017cne informacje o sytuacji w regionie Bliskiego Wschodu\">\r\n\r\n        <p><strong>W&nbsp;zwi\u0105zku z&nbsp;dynamiczn\u0105 sytuacj\u0105 w&nbsp;regionie Bliskiego Wschodu<\/strong> oraz wynikaj\u0105cymi z&nbsp;niej zmianami w&nbsp;ruchu lotniczym, chcemy poinformowa\u0107 w&nbsp;jaki spos\u00f3b staramy si\u0119 zapewni\u0107 Pa\u0144stwu maksymalne bezpiecze\u0144stwo i&nbsp;wsparcie.<\/p>\r\n        <p><strong>Bezpiecze\u0144stwo naszych Klient\u00f3w jest zawsze absolutnym priorytetem.<\/strong> Na bie\u017c\u0105co monitorujemy sytuacj\u0119 oraz \u015bledzimy oficjalne komunikaty rz\u0105d\u00f3w oraz partner\u00f3w lotniczych. Decyzje o&nbsp;najbli\u017cszych wylotach podejmowane s\u0105 na bie\u017c\u0105co w&nbsp;oparciu o&nbsp;aktualne dane operacyjne. Jako organizator korzystaj\u0105cy z&nbsp;przelot\u00f3w rejsowych, jeste\u015bmy zale\u017cni od decyzji operacyjnych przewo\u017anik\u00f3w oraz w\u0142adz lotniczych danych kraj\u00f3w.<\/p>\r\n\r\n        <ul>\r\n            <li><strong>W przypadku odwo\u0142ania rejsu przez lini\u0119 lotnicz\u0105<\/strong> niezw\u0142ocznie kontaktujemy si\u0119 z&nbsp;Klientami posiadaj\u0105cymi rezerwacj\u0119, aby przedstawi\u0107 dost\u0119pne rozwi\u0105zania.<\/li>\r\n            <li><strong>Ka\u017cd\u0105 rezerwacj\u0119 rozpatrujemy indywidualnie,<\/strong> dbaj\u0105c o&nbsp;to, by zaproponowane opcje by\u0142y jak najlepiej dopasowane do aktualnych mo\u017cliwo\u015bci.<\/li>\r\n            <li><strong>Wyloty do kraj\u00f3w nieobj\u0119tych bezpo\u015brednimi restrykcjami lotniczymi odbywaj\u0105 si\u0119 zgodnie z&nbsp;planem.<\/strong><\/li>\r\n        <\/ul>\r\n\r\n        <p><strong>W przypadku wyst\u0105pienia zak\u0142\u00f3ce\u0144 w&nbsp;przelotach powrotnych, podejmujemy natychmiastowe kroki maj\u0105ce na celu zapewnienie opieki zgodnie z&nbsp;ustaw\u0105.<\/strong> Informujemy, \u017ce je\u015bli sytuacja w&nbsp;danym regionie pozwala na bezpieczn\u0105 realizacj\u0119 programu, a&nbsp;loty odbywaj\u0105 si\u0119 zgodnie z&nbsp;planem, rezygnacje z&nbsp;wyjazd\u00f3w odbywaj\u0105 si\u0119 na og\u00f3lnych warunkach uczestnictwa (chyba, \u017ce dla konkretnego kierunku lub terminu zostanie wydany dedykowany, odr\u0119bny komunikat).<\/p>\r\n    <\/div>","protected":false},"excerpt":{"rendered":"W&nbsp;zwi\u0105zku z&nbsp;dynamiczn\u0105 sytuacj\u0105 w&nbsp;regionie Bliskiego Wschodu oraz wynikaj\u0105cymi z&nbsp;niej zmianami w&nbsp;ruchu lotniczym, chcemy poinformowa\u0107 w&nbsp;jaki spos\u00f3b staramy si\u0119 zapewni\u0107 Pa\u0144stwu maksymalne bezpiecze\u0144stwo i&nbsp;wsparcie. Bezpiecze\u0144stwo naszych Klient\u00f3w jest zawsze absolutnym priorytetem. Na bie\u017c\u0105co monitorujemy sytuacj\u0119 oraz \u015bledzimy oficjalne komunikaty rz\u0105d\u00f3w oraz partner\u00f3w lotniczych. Decyzje o&nbsp;najbli\u017cszych wylotach podejmowane s\u0105 na bie\u017c\u0105co w&nbsp;oparciu o&nbsp;aktualne dane operacyjne. Jako organizator [&hellip;]","protected":false},"author":4,"featured_media":0,"parent":0,"menu_order":0,"comment_status":"closed","ping_status":"closed","template":"","meta":{"_acf_changed":false,"footnotes":""},"wf_page_folders":[4],"class_list":["post-10817","page","type-page","status-publish","hentry"],"acf":[],"_links":{"self":[{"href":"https:\/\/www.eccoholiday.com\/p\/wp-json\/wp\/v2\/pages\/10817","targetHints":{"allow":["GET"]}}],"collection":[{"href":"https:\/\/www.eccoholiday.com\/p\/wp-json\/wp\/v2\/pages"}],"about":[{"href":"https:\/\/www.eccoholiday.com\/p\/wp-json\/wp\/v2\/types\/page"}],"author":[{"embeddable":true,"href":"https:\/\/www.eccoholiday.com\/p\/wp-json\/wp\/v2\/users\/4"}],"replies":[{"embeddable":true,"href":"https:\/\/www.eccoholiday.com\/p\/wp-json\/wp\/v2\/comments?post=10817"}],"version-history":[{"count":1,"href":"https:\/\/www.eccoholiday.com\/p\/wp-json\/wp\/v2\/pages\/10817\/revisions"}],"predecessor-version":[{"id":10833,"href":"https:\/\/www.eccoholiday.com\/p\/wp-json\/wp\/v2\/pages\/10817\/revisions\/10833"}],"wp:attachment":[{"href":"https:\/\/www.eccoholiday.com\/p\/wp-json\/wp\/v2\/media?parent=10817"}],"wp:term":[{"taxonomy":"wf_page_folders","embeddable":true,"href":"https:\/\/www.eccoholiday.com\/p\/wp-json\/wp\/v2\/wf_page_folders?post=10817"}],"curies":[{"name":"wp","href":"https:\/\/api.w.org\/{rel}","templated":true}]}}